{"id":20,"date":"2014-12-11T09:30:32","date_gmt":"2014-12-11T09:30:32","guid":{"rendered":"http:\/\/demo.select-themes.com\/bodega28\/?page_id=20"},"modified":"2023-10-15T15:57:41","modified_gmt":"2023-10-15T13:57:41","slug":"uslugi","status":"publish","type":"page","link":"https:\/\/asistiq.pl\/index.php\/uslugi\/","title":{"rendered":"Wsp\u00f3\u0142praca z nami"},"content":{"rendered":"<div class=\"wpb-content-wrapper\"><p>[vc_row row_type=&#8221;row&#8221; use_row_as_full_screen_section=&#8221;no&#8221; type=&#8221;grid&#8221; oblique_section=&#8221;no&#8221; text_align=&#8221;left&#8221; padding_top=&#8221;80&#8243; padding_bottom=&#8221;90&#8243; css_animation=&#8221;&#8221;][vc_column][vc_column_text]<\/p>\n<h3 style=\"text-align: center;\">Nasza oferta<\/h3>\n<p>[\/vc_column_text][vc_separator type=&#8221;transparent&#8221; up=&#8221;35&#8243; down=&#8221;0&#8243;][vc_column_text]<\/p>\n<p style=\"text-align: justify;\">Przed wyborem firmy outsourcingowej wa\u017cne jest dok\u0142adne zrozumienie swoich potrzeb i oczekiwa\u0144, a tak\u017ce sprawdzenie referencji oraz do\u015bwiadczenia potencjalnego partnera. Firmy outsourcingowe mog\u0105 dostosowa\u0107 swoje us\u0142ugi do indywidualnych potrzeb klienta, co pozwala na bardziej efektywne zarz\u0105dzanie zasobami i skupienie si\u0119 na kluczowych aspektach dzia\u0142alno\u015bci.<\/p>\n<p>[\/vc_column_text][vc_separator type=&#8221;transparent&#8221; up=&#8221;120&#8243; down=&#8221;0&#8243;][no_elements_holder number_of_columns=&#8221;three_columns&#8221;][no_elements_holder_item item_padding=&#8221;0 20px 10px 0&#8243; aligment=&#8221;left&#8221; animation_name=&#8221;fade_in&#8221; animation_delay=&#8221;200&#8243; advanced_animations=&#8221;no&#8221;]<div class='q_icon_with_title  normal_icon'><div class=\"icon_holder \" style=\" \"><div class=\"icon_holder_inner\"><span class=\"q_font_elegant_holder normal \" style=\"font-size: 28px;color: #323232;\"><span aria-hidden=\"true\" class=\"qode_icon_font_elegant icon_house_alt icon_text_icon q_font_elegant_icon \" style=\"font-size: 28px;\" ><\/span><\/span><\/div><\/div><div class=\"icon_text_holder\" style=\"padding-left: 70px;\"><div class=\"icon_title_inner_holder\"><h5 class=\"icon_title \" style=\"\">Wsp\u00f3\u0142praca<\/h5><\/div><div class=\"icon_text_inner\" style=\"\"><p style=''>Wsp\u00f3\u0142praca pozwala stronom osi\u0105ga\u0107 cele, kt\u00f3rych nie by\u0142yby w stanie zrealizowa\u0107 indywidualnie.<\/p><\/div><\/div><\/div>[\/no_elements_holder_item][no_elements_holder_item item_padding=&#8221;0 20px 10px 0&#8243; aligment=&#8221;left&#8221; animation_name=&#8221;fade_in&#8221; animation_delay=&#8221;400&#8243; advanced_animations=&#8221;no&#8221;]<div class='q_icon_with_title  normal_icon'><div class=\"icon_holder \" style=\" \"><div class=\"icon_holder_inner\"><span class=\"q_font_elegant_holder normal \" style=\"font-size: 28px;color: #323232;\"><span aria-hidden=\"true\" class=\"qode_icon_font_elegant icon_ribbon_alt icon_text_icon q_font_elegant_icon \" style=\"font-size: 28px;\" ><\/span><\/span><\/div><\/div><div class=\"icon_text_holder\" style=\"padding-left: 70px;\"><div class=\"icon_title_inner_holder\"><h5 class=\"icon_title \" style=\"\">Fachowo\u015b\u0107<\/h5><\/div><div class=\"icon_text_inner\" style=\"\"><p style=''>Fachowo\u015b\u0107 umo\u017cliwia specjalizacj\u0119 w konkretnej dziedzinie. To pozwala zbudowa\u0107 eksperck\u0105 pozycj\u0119 w danym obszarze i by\u0107 liderem opinii.<\/p><\/div><\/div><\/div>[\/no_elements_holder_item][no_elements_holder_item item_padding=&#8221;0 20px 10px 0&#8243; aligment=&#8221;left&#8221; animation_name=&#8221;fade_in&#8221; animation_delay=&#8221;600&#8243; advanced_animations=&#8221;no&#8221;]<div class='q_icon_with_title  normal_icon'><div class=\"icon_holder \" style=\" \"><div class=\"icon_holder_inner\"><span class=\"q_font_elegant_holder normal \" style=\"font-size: 28px;color: #323232;\"><span aria-hidden=\"true\" class=\"qode_icon_font_elegant icon_easel icon_text_icon q_font_elegant_icon \" style=\"font-size: 28px;\" ><\/span><\/span><\/div><\/div><div class=\"icon_text_holder\" style=\"padding-left: 70px;\"><div class=\"icon_title_inner_holder\"><h5 class=\"icon_title \" style=\"\">Wiedza<\/h5><\/div><div class=\"icon_text_inner\" style=\"\"><p style=''>\u015awiadome podej\u015bcie do zagro\u017ce\u0144 pozwala na lepsze przygotowanie si\u0119 do ewentualnych trudno\u015bci.<\/p><\/div><\/div><\/div>[\/no_elements_holder_item][\/no_elements_holder][vc_separator type=&#8221;transparent&#8221; up=&#8221;55&#8243; down=&#8221;0&#8243;][no_elements_holder number_of_columns=&#8221;three_columns&#8221;][no_elements_holder_item item_padding=&#8221;0 20px 10px 0&#8243; aligment=&#8221;left&#8221; animation_name=&#8221;fade_in&#8221; animation_delay=&#8221;200&#8243; advanced_animations=&#8221;no&#8221;]<div class='q_icon_with_title  normal_icon'><div class=\"icon_holder \" style=\" \"><div class=\"icon_holder_inner\"><span class=\"q_font_elegant_holder normal \" style=\"font-size: 28px;color: #323232;\"><span aria-hidden=\"true\" class=\"qode_icon_font_elegant icon_chat_alt icon_text_icon q_font_elegant_icon \" style=\"font-size: 28px;\" ><\/span><\/span><\/div><\/div><div class=\"icon_text_holder\" style=\"padding-left: 70px;\"><div class=\"icon_title_inner_holder\"><h5 class=\"icon_title \" style=\"\">Zdarzenia<\/h5><\/div><div class=\"icon_text_inner\" style=\"\"><p style=''>Nowe regulacje i prawodawstwo wp\u0142ywaj\u0105ce na bran\u017c\u0119.<\/p><\/div><\/div><\/div>[\/no_elements_holder_item][no_elements_holder_item item_padding=&#8221;0 20px 10px 0&#8243; aligment=&#8221;left&#8221; animation_name=&#8221;fade_in&#8221; animation_delay=&#8221;400&#8243; advanced_animations=&#8221;no&#8221;]<div class='q_icon_with_title  normal_icon'><div class=\"icon_holder \" style=\" \"><div class=\"icon_holder_inner\"><span class=\"q_font_elegant_holder normal \" style=\"font-size: 28px;color: #323232;\"><span aria-hidden=\"true\" class=\"qode_icon_font_elegant icon_currency icon_text_icon q_font_elegant_icon \" style=\"font-size: 28px;\" ><\/span><\/span><\/div><\/div><div class=\"icon_text_holder\" style=\"padding-left: 70px;\"><div class=\"icon_title_inner_holder\"><h5 class=\"icon_title \" style=\"\">Fundusze<\/h5><\/div><div class=\"icon_text_inner\" style=\"\"><p style=''>Programy europejskie, kt\u00f3re s\u0105 zwi\u0105zane z Twoimi celami i obszarem dzia\u0142alno\u015bci.<\/p><\/div><\/div><\/div>[\/no_elements_holder_item][no_elements_holder_item item_padding=&#8221;0 20px 10px 0&#8243; aligment=&#8221;left&#8221; animation_name=&#8221;fade_in&#8221; animation_delay=&#8221;600&#8243; advanced_animations=&#8221;no&#8221;]<div class='q_icon_with_title  normal_icon'><div class=\"icon_holder \" style=\" \"><div class=\"icon_holder_inner\"><span class=\"q_font_elegant_holder normal \" style=\"font-size: 28px;color: #323232;\"><span aria-hidden=\"true\" class=\"qode_icon_font_elegant icon_briefcase icon_text_icon q_font_elegant_icon \" style=\"font-size: 28px;\" ><\/span><\/span><\/div><\/div><div class=\"icon_text_holder\" style=\"padding-left: 70px;\"><div class=\"icon_title_inner_holder\"><h5 class=\"icon_title \" style=\"\">Gospodarno\u015b\u0107<\/h5><\/div><div class=\"icon_text_inner\" style=\"\"><p style=''>Gospodarno\u015b\u0107 w kontek\u015bcie pracy oznacza stworzenie warunk\u00f3w, w kt\u00f3rych pracownicy s\u0105 efektywni, zmotywowani i zadowoleni.<\/p><\/div><\/div><\/div>[\/no_elements_holder_item][\/no_elements_holder][\/vc_column][\/vc_row][vc_row row_type=&#8221;row&#8221; use_row_as_full_screen_section=&#8221;no&#8221; type=&#8221;grid&#8221; oblique_section=&#8221;no&#8221; text_align=&#8221;center&#8221; background_color=&#8221;#f1f1f1&#8243; padding_top=&#8221;80&#8243; padding_bottom=&#8221;90&#8243; css_animation=&#8221;&#8221;][vc_column][vc_column_text]<\/p>\n<h3>Wsp\u00f3lpracownicy<\/h3>\n<p>[\/vc_column_text][vc_separator type=&#8221;transparent&#8221; up=&#8221;35&#8243; down=&#8221;0&#8243;][vc_column_text]Zespo\u0142y z\u0142o\u017cone z r\u00f3\u017cnorodnych jednostek maj\u0105 potencja\u0142 lepszego rozwi\u0105zywania problem\u00f3w. R\u00f3\u017cnice w podej\u015bciach i my\u015bleniu mog\u0105 prowadzi\u0107 do kreatywnego podej\u015bcia do rozwi\u0105zywania trudno\u015bci.<\/p>\n<p>[\/vc_column_text][\/vc_column][\/vc_row][vc_row row_type=&#8221;row&#8221; use_row_as_full_screen_section=&#8221;no&#8221; type=&#8221;full_width&#8221; oblique_section=&#8221;no&#8221; text_align=&#8221;center&#8221; background_color=&#8221;#f1f1f1&#8243; css_animation=&#8221;&#8221;][vc_column][no_elements_holder number_of_columns=&#8221;four_columns&#8221; items_float_left=&#8221;yes&#8221;][no_elements_holder_item aligment=&#8221;left&#8221; animation_name=&#8221;fade_in&#8221; animation_delay=&#8221;500&#8243; advanced_animations=&#8221;no&#8221;]<div class='q_team on_hover social_style_between'><div class='q_team_inner'><div class='q_team_image'><img src='https:\/\/asistiq.pl\/wp-content\/uploads\/2014\/12\/new-team-5.jpg' alt='' . esc_attr__( 'team_image', 'bodega-core' ) . '' \/><div class='q_team_social_holder in_center'  style='background-color:rgba(15,45,60,0.75);'><div class='q_team_social'><div class='q_team_social_inner'><div class='q_team_title_holder'><h5 class='q_team_name' style =\"color: #ffffff\">Evans Anderson<\/h5><h6 class='q_team_position' style =\"color: #ffffff;font-size: 15px;font-weight: 500;text-transform: none\">UI\/UX designer<\/h6><\/div><div class='q_team_social_wrapp'><\/div><\/div><\/div><\/div><\/div><\/div><\/div>[\/no_elements_holder_item][no_elements_holder_item aligment=&#8221;left&#8221; animation_name=&#8221;fade_in&#8221; animation_delay=&#8221;600&#8243; advanced_animations=&#8221;no&#8221;]<div class='q_team on_hover social_style_between'><div class='q_team_inner'><div class='q_team_image'><img src='https:\/\/asistiq.pl\/wp-content\/uploads\/2014\/12\/home-image-hover.jpg' alt='' . esc_attr__( 'team_image', 'bodega-core' ) . '' \/><div class='q_team_social_holder in_center'  style='background-color:rgba(15,45,60,0.75);'><div class='q_team_social'><div class='q_team_social_inner'><div class='q_team_title_holder'><h5 class='q_team_name' style =\"color: #ffffff\">John Osborne<\/h5><h6 class='q_team_position' style =\"color: #ffffff;font-size: 15px;font-weight: 500;text-transform: none\">Planning Analyst<\/h6><\/div><div class='q_team_social_wrapp'><\/div><\/div><\/div><\/div><\/div><\/div><\/div>[\/no_elements_holder_item][no_elements_holder_item aligment=&#8221;left&#8221; animation_name=&#8221;fade_in&#8221; animation_delay=&#8221;700&#8243; advanced_animations=&#8221;no&#8221;]<div class='q_team on_hover social_style_between'><div class='q_team_inner'><div class='q_team_image'><img src='https:\/\/asistiq.pl\/wp-content\/uploads\/2014\/12\/new-team-6.jpg' alt='' . esc_attr__( 'team_image', 'bodega-core' ) . '' \/><div class='q_team_social_holder in_center'  style='background-color:rgba(15,45,60,0.75);'><div class='q_team_social'><div class='q_team_social_inner'><div class='q_team_title_holder'><h5 class='q_team_name' style =\"color: #ffffff\">Perry Abbott<\/h5><h6 class='q_team_position' style =\"color: #ffffff;font-size: 15px;font-weight: 500;text-transform: none\">Recruiter<\/h6><\/div><div class='q_team_social_wrapp'><\/div><\/div><\/div><\/div><\/div><\/div><\/div>[\/no_elements_holder_item][no_elements_holder_item aligment=&#8221;left&#8221; animation_name=&#8221;fade_in&#8221; animation_delay=&#8221;800&#8243; advanced_animations=&#8221;no&#8221;]<div class='q_team on_hover social_style_between'><div class='q_team_inner'><div class='q_team_image'><img src='https:\/\/asistiq.pl\/wp-content\/uploads\/2014\/12\/s2.jpg' alt='' . esc_attr__( 'team_image', 'bodega-core' ) . '' \/><div class='q_team_social_holder in_center'  style='background-color:rgba(15,45,60,0.75);'><div class='q_team_social'><div class='q_team_social_inner'><div class='q_team_title_holder'><h5 class='q_team_name' style =\"color: #ffffff\">May Williamson<\/h5><h6 class='q_team_position' style =\"color: #ffffff;font-size: 15px;font-weight: 500;text-transform: none\">Data Scientist<\/h6><\/div><div class='q_team_social_wrapp'><\/div><\/div><\/div><\/div><\/div><\/div><\/div>[\/no_elements_holder_item][\/no_elements_holder][\/vc_column][\/vc_row][vc_row row_type=&#8221;row&#8221; use_row_as_full_screen_section=&#8221;no&#8221; type=&#8221;grid&#8221; oblique_section=&#8221;no&#8221; text_align=&#8221;center&#8221; padding_top=&#8221;85&#8243; padding_bottom=&#8221;95&#8243; css_animation=&#8221;&#8221;][vc_column][vc_column_text]<\/p>\n<h3 class=\"LC20lb MBeuO DKV0Md\" style=\"text-align: left;\">Outsourcing<\/h3>\n<h3 id=\"tw-target-text\" class=\"tw-data-text tw-text-large tw-ta\" dir=\"ltr\" data-placeholder=\"T\u0142umaczenie\" data-ved=\"2ahUKEwjd3qeNrOSBAxWhJhAIHRwVDP0Q3ewLegQICBAP\"><span class=\"Y2IQFc\" lang=\"pl\">\u00a0<\/span><\/h3>\n<p>&nbsp;<\/p>\n<p>[\/vc_column_text][vc_separator type=&#8221;transparent&#8221; up=&#8221;45&#8243; down=&#8221;0&#8243;][vc_column_text]<\/p>\n<h3 style=\"text-align: left;\">Outsourcing to proces polegaj\u0105cy na zleceniu specjalistom fragmentu problemu nie mo\u017cliwego do rozwi\u0105zania w obecnych zasobach ludzkich.<\/h3>\n<h4 style=\"text-align: left;\">Istnieje wiele zalet biznesowych i potencjalnych oszcz\u0119dno\u015bci zwi\u0105zanych z outsourcingiem:<\/h4>\n<p>&nbsp;<\/p>\n<h4 style=\"text-align: left;\">Zalety Biznesowe:<\/h4>\n<ol style=\"text-align: left;\">\n<li>\n<h4><strong>Skoncentrowanie si\u0119 na kluczowych kompetencjach:<\/strong><\/h4>\n<ul>\n<li>Outsourcing pozwala firmie skoncentrowa\u0107 si\u0119 na jej g\u0142\u00f3wnych dzia\u0142aniach biznesowych, pozostawiaj\u0105c inne zadania specjalistom zewn\u0119trznym.<\/li>\n<\/ul>\n<\/li>\n<li>\n<h4><strong>Zdolno\u015b\u0107 do\u015bwiadczonych specjalist\u00f3w:<\/strong><\/h4>\n<ul>\n<li>Firmy outsourcingowe cz\u0119sto posiadaj\u0105 wysoko wykwalifikowanych specjalist\u00f3w w danej dziedzinie, co mo\u017ce przyczyni\u0107 si\u0119 do lepszych rezultat\u00f3w.<\/li>\n<\/ul>\n<\/li>\n<li>\n<h4><strong>Oszcz\u0119dno\u015b\u0107 czasu:<\/strong><\/h4>\n<ul>\n<li>Delegowanie pewnych zada\u0144 firmie zewn\u0119trznej pozwala na zaoszcz\u0119dzenie czasu, kt\u00f3ry mo\u017cna przeznaczy\u0107 na rozwijanie i rozbudowywanie g\u0142\u00f3wnego biznesu.<\/li>\n<\/ul>\n<\/li>\n<li>\n<h4><strong>Elastyczno\u015b\u0107 i skalowalno\u015b\u0107:<\/strong><\/h4>\n<ul>\n<li>Outsourcing umo\u017cliwia dostosowanie zasob\u00f3w do bie\u017c\u0105cych potrzeb biznesowych, co pozwala na wi\u0119ksz\u0105 elastyczno\u015b\u0107 i skalowalno\u015b\u0107.<\/li>\n<\/ul>\n<\/li>\n<\/ol>\n<p>&nbsp;<\/p>\n<h3><\/h3>\n<h3 style=\"text-align: left;\">Oszcz\u0119dno\u015bci:<\/h3>\n<ol style=\"text-align: left;\">\n<li><strong>Koszty operacyjne:<\/strong>\n<ul>\n<li>Outsourcing mo\u017ce by\u0107 bardziej op\u0142acalny, zw\u0142aszcza je\u015bli istniej\u0105 r\u00f3\u017cnice w kosztach pracy mi\u0119dzy lokalizacjami.<\/li>\n<\/ul>\n<\/li>\n<li><strong>Brak koszt\u00f3w szkolenia:<\/strong>\n<ul>\n<li>Outsourcing pozwala unikn\u0105\u0107 koszt\u00f3w zwi\u0105zanych z szkoleniem pracownik\u00f3w wewn\u0119trznych, poniewa\u017c firmy zewn\u0119trzne zazwyczaj maj\u0105 ju\u017c odpowiednie kwalifikacje.<\/li>\n<\/ul>\n<\/li>\n<li><strong>Redukcja koszt\u00f3w infrastruktury:<\/strong>\n<ul>\n<li>Zewn\u0119trzne firmy mog\u0105 \u015bwiadczy\u0107 us\u0142ugi przy u\u017cyciu w\u0142asnej infrastruktury, co eliminuje konieczno\u015b\u0107 inwestowania w dodatkowe zasoby.<\/li>\n<\/ul>\n<\/li>\n<\/ol>\n<p>&nbsp;<\/p>\n<h3><\/h3>\n<h3 style=\"text-align: left;\">Czy Outsourcing jest Drogi?<\/h3>\n<p style=\"text-align: left;\">Kwestia koszt\u00f3w outsourcingu zale\u017cy od wielu czynnik\u00f3w, w tym od rodzaju us\u0142ugi, lokalizacji dostawcy us\u0142ug, jako\u015bci us\u0142ug, a tak\u017ce od umowy outsourcingowej. W niekt\u00f3rych przypadkach outsourcing mo\u017ce przynie\u015b\u0107 znaczne oszcz\u0119dno\u015bci, zw\u0142aszcza je\u015bli istniej\u0105 korzy\u015bci zwi\u0105zane z r\u00f3\u017cnic\u0105 w kosztach pracy mi\u0119dzy lokalizacjami. Jednak\u017ce, nie zawsze jest to regu\u0142\u0105, a niekt\u00f3re firmy mog\u0105 do\u015bwiadczy\u0107 wy\u017cszych koszt\u00f3w w zwi\u0105zku z utrat\u0105 kontroli nad danymi lub jako\u015bci\u0105 us\u0142ug.<\/p>\n<p style=\"text-align: left;\">Warto dok\u0142adnie przemy\u015ble\u0107 i oceni\u0107 wszystkie aspekty, zanim zdecydujesz si\u0119 na outsourcing, aby upewni\u0107 si\u0119, \u017ce przyniesie on oczekiwane korzy\u015bci i b\u0119dzie op\u0142acalny dla Twojego konkretnego przypadku biznesowego.<\/p>\n<p>[\/vc_column_text][vc_separator type=&#8221;transparent&#8221; up=&#8221;70&#8243; down=&#8221;0&#8243;]<a href=\"\" target=\"_self\"  class=\"qbutton  icon_right\" style=\"\">Czytaj dalej .<\/a>[\/vc_column][\/vc_row][vc_row row_type=&#8221;row&#8221; use_row_as_full_screen_section=&#8221;no&#8221; type=&#8221;full_width&#8221; oblique_section=&#8221;no&#8221; text_align=&#8221;left&#8221; css_animation=&#8221;&#8221;][vc_column][vc_column_text]<\/p>\n<p>[\/vc_column_text][\/vc_column][\/vc_row][vc_row row_type=&#8221;row&#8221; use_row_as_full_screen_section=&#8221;no&#8221; type=&#8221;full_width&#8221; oblique_section=&#8221;no&#8221; text_align=&#8221;left&#8221; css_animation=&#8221;&#8221;][vc_column][vc_column_text]<\/p>\n<p>[\/vc_column_text][\/vc_column][\/vc_row][vc_row row_type=&#8221;row&#8221; use_row_as_full_screen_section=&#8221;no&#8221; type=&#8221;full_width&#8221; oblique_section=&#8221;no&#8221; text_align=&#8221;left&#8221; css_animation=&#8221;&#8221;][vc_column][vc_column_text]<\/p>\n<p>[\/vc_column_text][\/vc_column][\/vc_row][vc_row row_type=&#8221;row&#8221; use_row_as_full_screen_section=&#8221;no&#8221; type=&#8221;full_width&#8221; oblique_section=&#8221;no&#8221; text_align=&#8221;left&#8221; css_animation=&#8221;&#8221;][vc_column][vc_column_text]<\/p>\n<p>[\/vc_column_text][\/vc_column][\/vc_row][vc_row row_type=&#8221;row&#8221; use_row_as_full_screen_section=&#8221;no&#8221; type=&#8221;full_width&#8221; oblique_section=&#8221;no&#8221; text_align=&#8221;left&#8221; css_animation=&#8221;&#8221;][vc_column][vc_column_text]<\/p>\n<p>[\/vc_column_text][\/vc_column][\/vc_row][vc_row row_type=&#8221;row&#8221; use_row_as_full_screen_section=&#8221;no&#8221; type=&#8221;full_width&#8221; oblique_section=&#8221;no&#8221; text_align=&#8221;left&#8221; css_animation=&#8221;&#8221;][vc_column][vc_column_text]<\/p>\n<p>[\/vc_column_text][\/vc_column][\/vc_row]<\/p>\n<\/div>","protected":false},"excerpt":{"rendered":"<p>[vc_row row_type=&#8221;row&#8221; use_row_as_full_screen_section=&#8221;no&#8221; type=&#8221;grid&#8221; oblique_section=&#8221;no&#8221; text_align=&#8221;left&#8221; padding_top=&#8221;80&#8243; padding_bottom=&#8221;90&#8243; css_animation=&#8221;&#8221;][vc_column][vc_column_text] Nasza oferta [\/vc_column_text][vc_separator type=&#8221;transparent&#8221; up=&#8221;35&#8243; down=&#8221;0&#8243;][vc_column_text] Przed wyborem firmy outsourcingowej wa\u017cne jest dok\u0142adne zrozumienie swoich potrzeb i oczekiwa\u0144, a tak\u017ce sprawdzenie referencji oraz do\u015bwiadczenia potencjalnego partnera. Firmy outsourcingowe mog\u0105 dostosowa\u0107 swoje us\u0142ugi do indywidualnych potrzeb klienta,<\/p>\n","protected":false},"author":1,"featured_media":0,"parent":0,"menu_order":0,"comment_status":"open","ping_status":"open","template":"full_width.php","meta":{"footnotes":""},"class_list":["post-20","page","type-page","status-publish","hentry"],"_links":{"self":[{"href":"https:\/\/asistiq.pl\/index.php\/wp-json\/wp\/v2\/pages\/20","targetHints":{"allow":["GET"]}}],"collection":[{"href":"https:\/\/asistiq.pl\/index.php\/wp-json\/wp\/v2\/pages"}],"about":[{"href":"https:\/\/asistiq.pl\/index.php\/wp-json\/wp\/v2\/types\/page"}],"author":[{"embeddable":true,"href":"https:\/\/asistiq.pl\/index.php\/wp-json\/wp\/v2\/users\/1"}],"replies":[{"embeddable":true,"href":"https:\/\/asistiq.pl\/index.php\/wp-json\/wp\/v2\/comments?post=20"}],"version-history":[{"count":17,"href":"https:\/\/asistiq.pl\/index.php\/wp-json\/wp\/v2\/pages\/20\/revisions"}],"predecessor-version":[{"id":40890,"href":"https:\/\/asistiq.pl\/index.php\/wp-json\/wp\/v2\/pages\/20\/revisions\/40890"}],"wp:attachment":[{"href":"https:\/\/asistiq.pl\/index.php\/wp-json\/wp\/v2\/media?parent=20"}],"curies":[{"name":"wp","href":"https:\/\/api.w.org\/{rel}","templated":true}]}}