{"id":40544,"date":"2023-09-23T12:38:10","date_gmt":"2023-09-23T10:38:10","guid":{"rendered":"https:\/\/asistiq.pl\/?page_id=40544"},"modified":"2023-10-13T18:16:51","modified_gmt":"2023-10-13T16:16:51","slug":"kontakt","status":"publish","type":"page","link":"https:\/\/asistiq.pl\/index.php\/kontakt\/","title":{"rendered":"Kontakt"},"content":{"rendered":"<div class=\"wpb-content-wrapper\"><p>[vc_row row_type=&#8221;row&#8221; use_row_as_full_screen_section=&#8221;no&#8221; type=&#8221;grid&#8221; oblique_section=&#8221;no&#8221; text_align=&#8221;center&#8221; padding_top=&#8221;75&#8243; padding_bottom=&#8221;80&#8243; css_animation=&#8221;&#8221;][vc_column][vc_column_text]<\/p>\n<h3 id=\"tw-target-text\" class=\"tw-data-text tw-text-large tw-ta\" dir=\"ltr\" style=\"text-align: left;\" data-placeholder=\"T\u0142umaczenie\"><span class=\"Y2IQFc\" lang=\"pl\">Dlaczego warto si\u0119 skontaktowa\u0107?<\/span><\/h3>\n<p>[\/vc_column_text][vc_separator type=&#8221;transparent&#8221; up=&#8221;35&#8243; down=&#8221;0&#8243;][vc_column_text]<\/p>\n<p style=\"text-align: left;\">Istnieje wiele powod\u00f3w, dla kt\u00f3rych warto si\u0119 z nami skontaktowa\u0107.<\/p>\n<p style=\"text-align: left;\">Oto kilka powod\u00f3w, dla kt\u00f3rych ludzie podejmuj\u0105 kontakt z nami:<\/p>\n<ol>\n<li style=\"text-align: left;\">Praca i biznes: Komunikacja w celu om\u00f3wienia projekt\u00f3w, zada\u0144, raportowania, rozwi\u0105zywania problem\u00f3w lub nawi\u0105zania wsp\u00f3\u0142pracy biznesowej.<\/li>\n<li style=\"text-align: left;\">Informacje i zapytania: Zadawanie pyta\u0144 w celu uzyskania informacji na temat produkt\u00f3w, us\u0142ug, wydarze\u0144 lub innych kwestii.<\/li>\n<li style=\"text-align: left;\">Pomoc i wsparcie: Szukanie pomocy lub wsparcia od innych ludzi w sytuacjach kryzysowych, zdrowotnych, emocjonalnych lub zwi\u0105zkowych.<\/li>\n<li style=\"text-align: left;\">Rozw\u00f3j osobisty: Nawi\u0105zywanie kontaktu z ekspertami, mentorami lub innymi osobami, kt\u00f3re mog\u0105 pom\u00f3c w rozwoju umiej\u0119tno\u015bci, wiedzy lub kariery.<\/li>\n<li style=\"text-align: left;\">Spo\u0142eczno\u015b\u0107 i zaanga\u017cowanie spo\u0142eczne: Anga\u017cowanie si\u0119 w dzia\u0142alno\u015b\u0107 spo\u0142eczn\u0105, organizacje charytatywne lub grupy interesu w celu wsp\u00f3\u0142pracy nad wsp\u00f3lnymi celami.<\/li>\n<li style=\"text-align: left;\">Edukacja i nauka: Nawi\u0105zywanie kontaktu z nauczycielami, uczelniami lub innymi uczniami w celu zdobywania wiedzy i uczenia si\u0119.<\/li>\n<li style=\"text-align: left;\">Informowanie i kampanie spo\u0142eczne: Promowanie swojego stanowiska lub anga\u017cowanie si\u0119 w kampanie na rzecz okre\u015blonych spraw spo\u0142ecznych lub politycznych.<\/li>\n<\/ol>\n<p>[\/vc_column_text][\/vc_column][\/vc_row][vc_row row_type=&#8221;row&#8221; use_row_as_full_screen_section=&#8221;no&#8221; type=&#8221;full_width&#8221; oblique_section=&#8221;no&#8221; text_align=&#8221;left&#8221; css_animation=&#8221;&#8221;][vc_column][vc_raw_html]JTNDY2VudGVyJTNFJTNDaWZyYW1lJTIwc3JjJTNEJTIyaHR0cHMlM0ElMkYlMkZ3d3cuZ29vZ2xlLmNvbSUyRm1hcHMlMkZlbWJlZCUzRnBiJTNEJTIxMW0xNCUyMTFtOCUyMTFtMyUyMTFkMTAyMDQuMDAyOTc0NTUzNTcyJTIxMmQxOS4wMTkzMDAyJTIxM2Q1MC4yNTQ1NzA0JTIxM20yJTIxMWkxMDI0JTIxMmk3NjglMjE0ZjEzLjElMjEzbTMlMjExbTIlMjExczB4NDcxNmNmYmZiOWE5MTUyYiUyNTNBMHgyMmM3OTg1OTMzNzExYjBlJTIxMnNBU0lTVElRJTIxNWUwJTIxM20yJTIxMXNwbCUyMTJzcGwlMjE0djE2OTcyMTM0Njg1NTAlMjE1bTIlMjExc3BsJTIxMnNwbCUyMiUyMHdpZHRoJTNEJTIyNjAwJTIyJTIwaGVpZ2h0JTNEJTIyNjAwJTIyJTIwc3R5bGUlM0QlMjJib3JkZXIlM0EwJTNCJTIyJTIwYWxsb3dmdWxsc2NyZWVuJTNEJTIyJTIyJTIwbG9hZGluZyUzRCUyMmxhenklMjIlMjByZWZlcnJlcnBvbGljeSUzRCUyMm5vLXJlZmVycmVyLXdoZW4tZG93bmdyYWRlJTIyJTNFJTNDJTJGaWZyYW1lJTNFJTNDJTJGY2VudGVyJTNFJTIw[\/vc_raw_html][\/vc_column][\/vc_row][vc_row row_type=&#8221;row&#8221; use_row_as_full_screen_section=&#8221;no&#8221; type=&#8221;full_width&#8221; oblique_section=&#8221;no&#8221; text_align=&#8221;left&#8221; css_animation=&#8221;&#8221;][vc_column][vc_empty_space image_repeat=&#8221;no-repeat&#8221;][vc_btn title=&#8221;C E I D G&#8221; color=&#8221;blue&#8221; size=&#8221;lg&#8221; align=&#8221;center&#8221; css_animation=&#8221;none&#8221; link=&#8221;url:https%3A%2F%2Faplikacja.ceidg.gov.pl%2FCEIDG%2FCEIDG.Public.UI%2FSearchDetails.aspx%3FId%3D60640083-ed46-4363-b37c-0585ff6555da|title:CEIDG|target:_blank&#8221;][\/vc_column][\/vc_row][vc_row row_type=&#8221;row&#8221; use_row_as_full_screen_section=&#8221;no&#8221; type=&#8221;full_width&#8221; oblique_section=&#8221;no&#8221; text_align=&#8221;left&#8221; css_animation=&#8221;&#8221;][vc_column][vc_column_text]<\/p>\n<p>[\/vc_column_text][\/vc_column][\/vc_row][vc_row row_type=&#8221;row&#8221; use_row_as_full_screen_section=&#8221;no&#8221; type=&#8221;full_width&#8221; oblique_section=&#8221;no&#8221; text_align=&#8221;left&#8221; css_animation=&#8221;&#8221;][vc_column][vc_column_text]<\/p>\n<p>[\/vc_column_text][\/vc_column][\/vc_row][vc_row row_type=&#8221;row&#8221; use_row_as_full_screen_section=&#8221;no&#8221; type=&#8221;full_width&#8221; oblique_section=&#8221;no&#8221; text_align=&#8221;left&#8221; css_animation=&#8221;&#8221;][vc_column][vc_column_text]<\/p>\n<p>[\/vc_column_text][\/vc_column][\/vc_row]<\/p>\n<\/div>","protected":false},"excerpt":{"rendered":"<p>[vc_row row_type=&#8221;row&#8221; use_row_as_full_screen_section=&#8221;no&#8221; type=&#8221;grid&#8221; oblique_section=&#8221;no&#8221; text_align=&#8221;center&#8221; padding_top=&#8221;75&#8243; padding_bottom=&#8221;80&#8243; css_animation=&#8221;&#8221;][vc_column][vc_column_text] Dlaczego warto si\u0119 skontaktowa\u0107? [\/vc_column_text][vc_separator type=&#8221;transparent&#8221; up=&#8221;35&#8243; down=&#8221;0&#8243;][vc_column_text] Istnieje wiele powod\u00f3w, dla kt\u00f3rych warto si\u0119 z nami skontaktowa\u0107. Oto kilka powod\u00f3w, dla kt\u00f3rych ludzie podejmuj\u0105 kontakt z nami: Praca i biznes: Komunikacja w celu om\u00f3wienia projekt\u00f3w,<\/p>\n","protected":false},"author":1,"featured_media":0,"parent":0,"menu_order":0,"comment_status":"open","ping_status":"closed","template":"full_width.php","meta":{"footnotes":""},"class_list":["post-40544","page","type-page","status-publish","hentry"],"_links":{"self":[{"href":"https:\/\/asistiq.pl\/index.php\/wp-json\/wp\/v2\/pages\/40544","targetHints":{"allow":["GET"]}}],"collection":[{"href":"https:\/\/asistiq.pl\/index.php\/wp-json\/wp\/v2\/pages"}],"about":[{"href":"https:\/\/asistiq.pl\/index.php\/wp-json\/wp\/v2\/types\/page"}],"author":[{"embeddable":true,"href":"https:\/\/asistiq.pl\/index.php\/wp-json\/wp\/v2\/users\/1"}],"replies":[{"embeddable":true,"href":"https:\/\/asistiq.pl\/index.php\/wp-json\/wp\/v2\/comments?post=40544"}],"version-history":[{"count":22,"href":"https:\/\/asistiq.pl\/index.php\/wp-json\/wp\/v2\/pages\/40544\/revisions"}],"predecessor-version":[{"id":40790,"href":"https:\/\/asistiq.pl\/index.php\/wp-json\/wp\/v2\/pages\/40544\/revisions\/40790"}],"wp:attachment":[{"href":"https:\/\/asistiq.pl\/index.php\/wp-json\/wp\/v2\/media?parent=40544"}],"curies":[{"name":"wp","href":"https:\/\/api.w.org\/{rel}","templated":true}]}}