{"id":40578,"date":"2023-09-25T16:59:56","date_gmt":"2023-09-25T14:59:56","guid":{"rendered":"https:\/\/asistiq.pl\/?page_id=40578"},"modified":"2023-10-14T10:32:56","modified_gmt":"2023-10-14T08:32:56","slug":"projekty","status":"publish","type":"page","link":"https:\/\/asistiq.pl\/index.php\/projekty\/","title":{"rendered":"Projekty"},"content":{"rendered":"<div class=\"wpb-content-wrapper\"><p>[vc_row row_type=&#8221;row&#8221; use_row_as_full_screen_section=&#8221;no&#8221; type=&#8221;grid&#8221; oblique_section=&#8221;no&#8221; text_align=&#8221;left&#8221; padding_top=&#8221;80&#8243; padding_bottom=&#8221;90&#8243; css_animation=&#8221;&#8221;][vc_column][vc_column_text]<\/p>\n<h3 style=\"text-align: center;\">Nasze projekty<\/h3>\n<p>[\/vc_column_text][vc_separator type=&#8221;transparent&#8221; up=&#8221;35&#8243; down=&#8221;0&#8243;][vc_column_text]<\/p>\n<h4>Jeste\u015bmy m\u0142od\u0105, dynamiczn\u0105 firm\u0105, kt\u00f3ra narodzi\u0142a si\u0119 z pasji do rozwoju biznesowego i edukacji. Cho\u0107 jeste\u015bmy na pocz\u0105tku naszej drogi, nasza determinacja i zaanga\u017cowanie s\u0105 nieograniczone. Nasz\u0105 misj\u0105 jest dostarczanie warto\u015bci i wsparcia naszym klientom, aby pom\u00f3c im osi\u0105gn\u0105\u0107 swoje cele biznesowe i edukacyjne.<\/h4>\n<p><strong>Pierwsze Projekty Biznesowe:<\/strong> Rozpoczynamy nasz\u0105 dzia\u0142alno\u015b\u0107 od projekt\u00f3w, kt\u00f3re s\u0105 dowodem naszego zaanga\u017cowania w sukces naszych klient\u00f3w.<\/p>\n<p><strong>Nasze Ambitne Projekty Edukacyjne:<\/strong> Chcemy inspirowa\u0107 i kszta\u0142towa\u0107 przysz\u0142e pokolenia lider\u00f3w. Nasze programy edukacyjne oferuj\u0105 wiedz\u0119 i narz\u0119dzia potrzebne do osi\u0105gni\u0119cia sukcesu w dziedzinach rachunkowo\u015bci, finans\u00f3w i zarz\u0105dzania projektami.<\/p>\n<p><strong>Nasza Wizja:<\/strong> Jeste\u015bmy przekonani, \u017ce nasza pasja i zaanga\u017cowanie po\u0142\u0105czone z Wasz\u0105 determinacj\u0105 prowadz\u0105 do osi\u0105gni\u0119cia wielkich rzeczy. Nasza firma powsta\u0142a, aby tworzy\u0107 rozwi\u0105zania, kt\u00f3re zmieniaj\u0105 \u017cycie i wprowadzaj\u0105 pozytywn\u0105 zmian\u0119 w biznesie i edukacji.<\/p>\n<p><strong>Do\u0142\u0105cz do Nas!<\/strong> Zapraszamy wszystkich, kt\u00f3rzy chc\u0105 osi\u0105gn\u0105\u0107 sukces w biznesie i edukacji, do do\u0142\u0105czenia do naszej spo\u0142eczno\u015bci. Razem mo\u017cemy osi\u0105gn\u0105\u0107 wi\u0119cej!<\/p>\n<p><strong>Kontakt:<\/strong> Skontaktuj si\u0119 z nami, aby dowiedzie\u0107 si\u0119 wi\u0119cej o naszych projektach i programach. Jeste\u015bmy tu, aby pom\u00f3c Ci na pocz\u0105tku Twojej drogi do sukcesu!<\/p>\n<p><strong>Razem Na Wierzcho\u0142ku!<\/strong> Rozpocznijmy t\u0119 ekscytuj\u0105c\u0105 podr\u00f3\u017c razem i zdob\u0105d\u017amy szczyty sukcesu![\/vc_column_text][vc_separator type=&#8221;transparent&#8221; up=&#8221;120&#8243; down=&#8221;0&#8243;][no_elements_holder number_of_columns=&#8221;three_columns&#8221;][no_elements_holder_item item_padding=&#8221;0 20px 10px 0&#8243; aligment=&#8221;left&#8221; animation_name=&#8221;fade_in&#8221; animation_delay=&#8221;200&#8243; advanced_animations=&#8221;no&#8221;]<div class='q_icon_with_title  normal_icon'><div class=\"icon_holder \" style=\" \"><div class=\"icon_holder_inner\"><span class=\"q_font_elegant_holder normal \" style=\"font-size: 28px;color: #323232;\"><span aria-hidden=\"true\" class=\"qode_icon_font_elegant icon_house_alt icon_text_icon q_font_elegant_icon \" style=\"font-size: 28px;\" ><\/span><\/span><\/div><\/div><div class=\"icon_text_holder\" style=\"padding-left: 70px;\"><div class=\"icon_title_inner_holder\"><h5 class=\"icon_title \" style=\"\">Praca w zespole<\/h5><\/div><div class=\"icon_text_inner\" style=\"\"><p style=''>Zdolno\u015b\u0107 do efektywnej wsp\u00f3\u0142pracy w zespole i pozytywnej atmosfery s\u0105 nieocenione.<\/p><\/div><\/div><\/div>[\/no_elements_holder_item][no_elements_holder_item item_padding=&#8221;0 20px 10px 0&#8243; aligment=&#8221;left&#8221; animation_name=&#8221;fade_in&#8221; animation_delay=&#8221;400&#8243; advanced_animations=&#8221;no&#8221;]<div class='q_icon_with_title  normal_icon'><div class=\"icon_holder \" style=\" \"><div class=\"icon_holder_inner\"><span class=\"q_font_elegant_holder normal \" style=\"font-size: 28px;color: #323232;\"><span aria-hidden=\"true\" class=\"qode_icon_font_elegant icon_ribbon_alt icon_text_icon q_font_elegant_icon \" style=\"font-size: 28px;\" ><\/span><\/span><\/div><\/div><div class=\"icon_text_holder\" style=\"padding-left: 70px;\"><div class=\"icon_title_inner_holder\"><h5 class=\"icon_title \" style=\"\">Wsparcie<\/h5><\/div><div class=\"icon_text_inner\" style=\"\"><p style=''>Jeste\u015bmy \u015bwiadomi, \u017ce ka\u017cdy klient ma swoje unikalne potrzeby. Nasze zesp\u00f3\u0142 wsparcia jest gotowy do dostosowania si\u0119 do Waszych wymaga\u0144 i zapewni\u0107 personalizowan\u0105 obs\u0142ug\u0119.<\/p><\/div><\/div><\/div>[\/no_elements_holder_item][no_elements_holder_item item_padding=&#8221;0 20px 10px 0&#8243; aligment=&#8221;left&#8221; animation_name=&#8221;fade_in&#8221; animation_delay=&#8221;600&#8243; advanced_animations=&#8221;no&#8221;]<div class='q_icon_with_title  normal_icon'><div class=\"icon_holder \" style=\" \"><div class=\"icon_holder_inner\"><span class=\"q_font_elegant_holder normal \" style=\"font-size: 28px;color: #323232;\"><span aria-hidden=\"true\" class=\"qode_icon_font_elegant icon_easel icon_text_icon q_font_elegant_icon \" style=\"font-size: 28px;\" ><\/span><\/span><\/div><\/div><div class=\"icon_text_holder\" style=\"padding-left: 70px;\"><div class=\"icon_title_inner_holder\"><h5 class=\"icon_title \" style=\"\">Szkolenia<\/h5><\/div><div class=\"icon_text_inner\" style=\"\"><p style=''>Oferujemy r\u00f3wnie\u017c szkolenia i wskaz\u00f3wki dotycz\u0105ce naszych produkt\u00f3w\/us\u0142ug. Naszym celem jest, aby\u015bcie korzystali z nich w pe\u0142ni, czerpi\u0105c maksymalne korzy\u015bci.<\/p><\/div><\/div><\/div>[\/no_elements_holder_item][\/no_elements_holder][vc_separator type=&#8221;transparent&#8221; up=&#8221;55&#8243; down=&#8221;0&#8243;][no_elements_holder number_of_columns=&#8221;three_columns&#8221;][no_elements_holder_item item_padding=&#8221;0 20px 10px 0&#8243; aligment=&#8221;left&#8221; animation_name=&#8221;fade_in&#8221; animation_delay=&#8221;200&#8243; advanced_animations=&#8221;no&#8221;]<div class='q_icon_with_title  normal_icon'><div class=\"icon_holder \" style=\" \"><div class=\"icon_holder_inner\"><span class=\"q_font_elegant_holder normal \" style=\"font-size: 28px;color: #323232;\"><span aria-hidden=\"true\" class=\"qode_icon_font_elegant icon_chat_alt icon_text_icon q_font_elegant_icon \" style=\"font-size: 28px;\" ><\/span><\/span><\/div><\/div><div class=\"icon_text_holder\" style=\"padding-left: 70px;\"><div class=\"icon_title_inner_holder\"><h5 class=\"icon_title \" style=\"\">Wydarzenia<\/h5><\/div><div class=\"icon_text_inner\" style=\"\"><p style=''>Chcemy budowa\u0107 trwa\u0142e relacje z naszymi klientami, a wsparcie odgrywa kluczow\u0105 rol\u0119 w tym procesie.<\/p><\/div><\/div><\/div>[\/no_elements_holder_item][no_elements_holder_item item_padding=&#8221;0 20px 10px 0&#8243; aligment=&#8221;left&#8221; animation_name=&#8221;fade_in&#8221; animation_delay=&#8221;400&#8243; advanced_animations=&#8221;no&#8221;]<div class='q_icon_with_title  normal_icon'><div class=\"icon_holder \" style=\" \"><div class=\"icon_holder_inner\"><span class=\"q_font_elegant_holder normal \" style=\"font-size: 28px;color: #323232;\"><span aria-hidden=\"true\" class=\"qode_icon_font_elegant icon_currency icon_text_icon q_font_elegant_icon \" style=\"font-size: 28px;\" ><\/span><\/span><\/div><\/div><div class=\"icon_text_holder\" style=\"padding-left: 70px;\"><div class=\"icon_title_inner_holder\"><h5 class=\"icon_title \" style=\"\">Finanse<\/h5><\/div><div class=\"icon_text_inner\" style=\"\"><p style=''>Zarz\u0105dzanie finansami jest kluczowym elementem sukcesu zar\u00f3wno dla firm, jak i os\u00f3b prywatnych.<\/p><\/div><\/div><\/div>[\/no_elements_holder_item][no_elements_holder_item item_padding=&#8221;0 20px 10px 0&#8243; aligment=&#8221;left&#8221; animation_name=&#8221;fade_in&#8221; animation_delay=&#8221;600&#8243; advanced_animations=&#8221;no&#8221;]<div class='q_icon_with_title  normal_icon'><div class=\"icon_holder \" style=\" \"><div class=\"icon_holder_inner\"><span class=\"q_font_elegant_holder normal \" style=\"font-size: 28px;color: #323232;\"><span aria-hidden=\"true\" class=\"qode_icon_font_elegant icon_briefcase icon_text_icon q_font_elegant_icon \" style=\"font-size: 28px;\" ><\/span><\/span><\/div><\/div><div class=\"icon_text_holder\" style=\"padding-left: 70px;\"><div class=\"icon_title_inner_holder\"><h5 class=\"icon_title \" style=\"\">Biznes<\/h5><\/div><div class=\"icon_text_inner\" style=\"\"><p style=''>Wsparcie dla biznesu mo\u017ce przybiera\u0107 r\u00f3\u017cne formy i zale\u017ce\u0107 od wielu czynnik\u00f3w, takich jak rodzaj bran\u017cy, rozmiar przedsi\u0119biorstwa, cele biznesowe itp.<\/p><\/div><\/div><\/div>[\/no_elements_holder_item][\/no_elements_holder][\/vc_column][\/vc_row][vc_row row_type=&#8221;row&#8221; use_row_as_full_screen_section=&#8221;no&#8221; type=&#8221;grid&#8221; oblique_section=&#8221;no&#8221; text_align=&#8221;center&#8221; background_color=&#8221;#f1f1f1&#8243; padding_top=&#8221;80&#8243; padding_bottom=&#8221;90&#8243; css_animation=&#8221;&#8221;][vc_column][vc_column_text]<\/p>\n<h3><strong>Nasz Zesp\u00f3\u0142 Specjalist\u00f3w<\/strong><\/h3>\n<p>[\/vc_column_text][vc_separator type=&#8221;transparent&#8221; up=&#8221;35&#8243; down=&#8221;0&#8243;][vc_column_text]<\/p>\n<div class=\"flex flex-grow flex-col gap-3 max-w-full\">\n<div class=\"min-h-[20px] flex flex-col items-start gap-3 overflow-x-auto whitespace-pre-wrap break-words\">\n<div class=\"markdown prose w-full break-words dark:prose-invert dark\">\n<p style=\"text-align: left;\">Jeste\u015bmy zespo\u0142em wykwalifikowanych specjalist\u00f3w, gotowych do realizacji z\u0142o\u017conych zada\u0144 i projekt\u00f3w. Nasza r\u00f3\u017cnorodno\u015b\u0107 umiej\u0119tno\u015bci oraz bogate do\u015bwiadczenie gwarantuj\u0105 skuteczne rozwi\u0105zania i osi\u0105ganie cel\u00f3w. Nasze g\u0142\u00f3wne dziedziny ekspertyzy to:<\/p>\n<ol>\n<li>\n<p style=\"text-align: left;\"><strong>Rachunkowo\u015b\u0107 i Finanse<\/strong>: Nasz zesp\u00f3\u0142 skupia si\u0119 na kompleksowej obs\u0142udze finansowej, od rachunkowo\u015bci po planowanie bud\u017cetu i kontrol\u0119 koszt\u00f3w. Nasi specjali\u015bci s\u0105 do\u015bwiadczeni w obszarze rachunkowo\u015bci zar\u00f3wno dla firm prywatnych, jak i sektora publicznego.<\/p>\n<\/li>\n<li style=\"text-align: left;\"><strong>Projekty Unii Europejskiej<\/strong>: Posiadamy ekspert\u00f3w w zakresie pozyskiwania i zarz\u0105dzania funduszami Unii Europejskiej. Pomagamy klientom w opracowaniu wniosk\u00f3w o dofinansowanie oraz w prowadzeniu projekt\u00f3w zgodnie z wymogami unijnymi.<\/li>\n<li style=\"text-align: left;\"><strong>Kontrola Projekt\u00f3w<\/strong>: Nasz zesp\u00f3\u0142 ma szerokie do\u015bwiadczenie w kontroli projekt\u00f3w, zarz\u0105dzaniu ryzykiem projektowym i audytach. Zapewniamy przejrzysto\u015b\u0107 i skuteczno\u015b\u0107 w realizacji projekt\u00f3w.<\/li>\n<li style=\"text-align: left;\"><strong>Edukacja i Szkolenia<\/strong>: Oferujemy szkolenia dostosowane do potrzeb naszych klient\u00f3w. Nasze programy szkoleniowe obejmuj\u0105 zarz\u0105dzanie finansami, rachunkowo\u015b\u0107, a tak\u017ce aspekty zwi\u0105zane z projektami i finansowaniem unijnym.<\/li>\n<li style=\"text-align: left;\"><strong>Zarz\u0105dzanie Zespo\u0142em<\/strong>: Nasz zesp\u00f3\u0142 jest zgrany i potrafi efektywnie zarz\u0105dza\u0107 projektami oraz wsp\u00f3\u0142pracowa\u0107 zar\u00f3wno z klientami, jak i zespo\u0142ami wewn\u0119trznymi.<\/li>\n<li style=\"text-align: left;\"><strong>Wsparcie Wniosk\u00f3w o Finansowanie<\/strong>: Pomagamy naszym klientom w przygotowaniu wniosk\u00f3w o finansowanie projekt\u00f3w, zar\u00f3wno w kontek\u015bcie biznesowym, jak i unijnym.<\/li>\n<li>\n<p style=\"text-align: left;\"><strong>Raportowanie i Analiza Danych<\/strong>: Nasze umiej\u0119tno\u015bci analityczne pozwalaj\u0105 nam dostarcza\u0107 klientom kompleksowe raporty oraz analizy, umo\u017cliwiaj\u0105ce podejmowanie m\u0105drych decyzji biznesowych.<\/p>\n<\/li>\n<\/ol>\n<p style=\"text-align: left;\">Jeste\u015bmy zespo\u0142em z pasj\u0105 do pracy i d\u0105\u017ceniem do osi\u0105gania doskona\u0142o\u015bci. Nasza wiedza i do\u015bwiadczenie pozwalaj\u0105 nam dostarcza\u0107 warto\u015b\u0107 naszym klientom, pomagaj\u0105c im osi\u0105gn\u0105\u0107 sukces w dziedzinach finans\u00f3w, zarz\u0105dzania projektami oraz rozwoju biznesu.<\/p>\n<\/div>\n<p>&nbsp;<\/p><\/div>\n<\/div>\n<p>[\/vc_column_text][vc_single_image image=&#8221;40767&#8243; img_size=&#8221;large&#8221; alignment=&#8221;center&#8221; qode_css_animation=&#8221;element_from_fade&#8221;][\/vc_column][\/vc_row][vc_row row_type=&#8221;row&#8221; use_row_as_full_screen_section=&#8221;no&#8221; type=&#8221;grid&#8221; oblique_section=&#8221;no&#8221; text_align=&#8221;center&#8221; padding_top=&#8221;85&#8243; padding_bottom=&#8221;95&#8243; css_animation=&#8221;&#8221;][vc_column][vc_column_text]<\/p>\n<h3 id=\"tw-target-text\" class=\"tw-data-text tw-text-large tw-ta\" dir=\"ltr\" data-placeholder=\"T\u0142umaczenie\"><span class=\"Y2IQFc\" lang=\"pl\">\u015awietne do\u015bwiadczenie przedsi\u0119biorcze<\/span><\/h3>\n<p>[\/vc_column_text][vc_separator type=&#8221;transparent&#8221; up=&#8221;45&#8243; down=&#8221;0&#8243;][vc_column_text]<\/p>\n<ul>\n<li style=\"text-align: left;\"><strong>Zarz\u0105dzanie Projektami Biznesowymi<\/strong>: Twoje do\u015bwiadczenie w projektach biznesowych jest cenne w sektorze prywatnym. Warto podkre\u015bli\u0107 umiej\u0119tno\u015bci w planowaniu, realizacji i monitorowaniu projekt\u00f3w, zarz\u0105dzaniu zasobami oraz osi\u0105ganiu cel\u00f3w biznesowych.<\/li>\n<li style=\"text-align: left;\"><strong>Projekty Unii Europejskiej<\/strong>: Do\u015bwiadczenie w projektach finansowanych przez UE mo\u017ce by\u0107 korzystne, zw\u0142aszcza je\u015bli zajmowa\u0142e\u015b si\u0119 pozyskiwaniem i zarz\u0105dzaniem funduszami UE, tworzeniem wniosk\u00f3w o dotacje czy implementacj\u0105 projekt\u00f3w w ramach program\u00f3w UE, takich jak Programy Operacyjne czy Fundusze Strukturalne.<\/li>\n<li style=\"text-align: left;\"><strong>Kontrola Projekt\u00f3w<\/strong>: Umiej\u0119tno\u015b\u0107 kontroli projekt\u00f3w jest niezwykle wa\u017cna, zar\u00f3wno w sektorze publicznym, jak i prywatnym. Je\u015bli mia\u0142e\u015b do\u015bwiadczenie w audytach projekt\u00f3w, zarz\u0105dzaniu ryzykiem projektowym czy kontrolowaniu bud\u017cet\u00f3w, to jest to wa\u017cny element Twojego profilu zawodowego.<\/li>\n<li style=\"text-align: left;\"><strong>Zarz\u0105dzanie Zespo\u0142em<\/strong>: Je\u015bli w Twoim do\u015bwiadczeniu by\u0142o zarz\u0105dzanie zespo\u0142em projektowym lub wsp\u00f3\u0142prac\u0105 z r\u00f3\u017cnymi interesariuszami, to warto podkre\u015bli\u0107 te umiej\u0119tno\u015bci, poniewa\u017c s\u0105 one kluczowe w skomplikowanych projektach.<\/li>\n<li style=\"text-align: left;\"><strong>Wsparcie Wniosk\u00f3w o Finansowanie<\/strong>: Je\u015bli bra\u0142e\u015b udzia\u0142 w tworzeniu wniosk\u00f3w o finansowanie projekt\u00f3w, zar\u00f3wno w kontek\u015bcie biznesowym, jak i finansowania unijnego, to mo\u017cesz pomaga\u0107 firmom lub instytucjom w pozyskiwaniu \u015brodk\u00f3w na inwestycje i projekty rozwojowe.<\/li>\n<li style=\"text-align: left;\"><strong>Raportowanie i Monitorowanie Post\u0119p\u00f3w<\/strong>: Umiej\u0119tno\u015b\u0107 skutecznego raportowania i monitorowania post\u0119p\u00f3w projektu jest kluczowa. Mo\u017cesz pomaga\u0107 firmom lub organizacjom w utrzymaniu przejrzysto\u015bci i skutecznego zarz\u0105dzania projektami.<\/li>\n<\/ul>\n<p>[\/vc_column_text][vc_separator type=&#8221;transparent&#8221; up=&#8221;70&#8243; down=&#8221;0&#8243;][\/vc_column][\/vc_row][vc_row row_type=&#8221;row&#8221; use_row_as_full_screen_section=&#8221;no&#8221; type=&#8221;full_width&#8221; oblique_section=&#8221;no&#8221; text_align=&#8221;left&#8221; css_animation=&#8221;&#8221;][vc_column][vc_column_text]<\/p>\n<p>[\/vc_column_text][\/vc_column][\/vc_row]<\/p>\n<\/div>","protected":false},"excerpt":{"rendered":"<p>[vc_row row_type=&#8221;row&#8221; use_row_as_full_screen_section=&#8221;no&#8221; type=&#8221;grid&#8221; oblique_section=&#8221;no&#8221; text_align=&#8221;left&#8221; padding_top=&#8221;80&#8243; padding_bottom=&#8221;90&#8243; css_animation=&#8221;&#8221;][vc_column][vc_column_text] Nasze projekty [\/vc_column_text][vc_separator type=&#8221;transparent&#8221; up=&#8221;35&#8243; down=&#8221;0&#8243;][vc_column_text] Jeste\u015bmy m\u0142od\u0105, dynamiczn\u0105 firm\u0105, kt\u00f3ra narodzi\u0142a si\u0119 z pasji do rozwoju biznesowego i edukacji. Cho\u0107 jeste\u015bmy na pocz\u0105tku naszej drogi, nasza determinacja i zaanga\u017cowanie s\u0105 nieograniczone. Nasz\u0105 misj\u0105 jest dostarczanie<\/p>\n","protected":false},"author":1,"featured_media":0,"parent":0,"menu_order":0,"comment_status":"open","ping_status":"closed","template":"full_width.php","meta":{"footnotes":""},"class_list":["post-40578","page","type-page","status-publish","hentry"],"_links":{"self":[{"href":"https:\/\/asistiq.pl\/index.php\/wp-json\/wp\/v2\/pages\/40578","targetHints":{"allow":["GET"]}}],"collection":[{"href":"https:\/\/asistiq.pl\/index.php\/wp-json\/wp\/v2\/pages"}],"about":[{"href":"https:\/\/asistiq.pl\/index.php\/wp-json\/wp\/v2\/types\/page"}],"author":[{"embeddable":true,"href":"https:\/\/asistiq.pl\/index.php\/wp-json\/wp\/v2\/users\/1"}],"replies":[{"embeddable":true,"href":"https:\/\/asistiq.pl\/index.php\/wp-json\/wp\/v2\/comments?post=40578"}],"version-history":[{"count":25,"href":"https:\/\/asistiq.pl\/index.php\/wp-json\/wp\/v2\/pages\/40578\/revisions"}],"predecessor-version":[{"id":40823,"href":"https:\/\/asistiq.pl\/index.php\/wp-json\/wp\/v2\/pages\/40578\/revisions\/40823"}],"wp:attachment":[{"href":"https:\/\/asistiq.pl\/index.php\/wp-json\/wp\/v2\/media?parent=40578"}],"curies":[{"name":"wp","href":"https:\/\/api.w.org\/{rel}","templated":true}]}}