{"id":40791,"date":"2023-10-14T06:04:19","date_gmt":"2023-10-14T04:04:19","guid":{"rendered":"https:\/\/asistiq.pl\/?page_id=40791"},"modified":"2023-10-14T06:09:42","modified_gmt":"2023-10-14T04:09:42","slug":"home1","status":"publish","type":"page","link":"https:\/\/asistiq.pl\/index.php\/home1\/","title":{"rendered":"Najlepszy akcelerator startup\u00f3w"},"content":{"rendered":"<div class=\"wpb-content-wrapper\"><p>[vc_row row_type=&#8221;row&#8221; use_row_as_full_screen_section=&#8221;no&#8221; type=&#8221;full_width&#8221; oblique_section=&#8221;no&#8221; text_align=&#8221;left&#8221; css_animation=&#8221;&#8221;][vc_column][vc_separator type=&#8221;normal&#8221;][vc_empty_space image_repeat=&#8221;no-repeat&#8221;][vc_column_text]<\/p>\n<div class=\"flex flex-grow flex-col gap-3 max-w-full\">\n<div class=\"min-h-[20px] flex flex-col items-start gap-3 whitespace-pre-wrap break-words overflow-x-auto\">\n<div class=\"markdown prose w-full break-words dark:prose-invert dark\">\n<h2>Zacznij, zanim poczujesz si\u0119 gotowy &#8230;.<\/h2>\n<p>W dzisiejszym dynamicznym \u015bwiecie przedsi\u0119biorczo\u015bci, rozpocz\u0119cie w\u0142asnego startupu mo\u017ce by\u0107 ekscytuj\u0105cym, ale i trudnym zadaniem. W tym kontek\u015bcie, akceleratory startup\u00f3w staj\u0105 si\u0119 kluczowym elementem wspieraj\u0105cym m\u0142ode przedsi\u0119wzi\u0119cia. Jednak wyb\u00f3r odpowiedniego akceleratora mo\u017ce by\u0107 r\u00f3wnie wa\u017cny, co samo uruchomienie firmy. Jednym z najbardziej renomowanych i skutecznych akcelerator\u00f3w na rynku jest ten, kt\u00f3ry przyk\u0142ada szczeg\u00f3ln\u0105 wag\u0119 do motywacji przedsi\u0119biorcy, zach\u0119caj\u0105c go do rozpocz\u0119cia dzia\u0142alno\u015bci zanim poczuje si\u0119 w pe\u0142ni gotowy.<\/p>\n<p>&nbsp;<\/p>\n<h3>Czym jest akcelerator startup\u00f3w?<\/h3>\n<p>Akcelerator startup\u00f3w to organizacja, kt\u00f3ra oferuje wsparcie finansowe, mentorat, przestrze\u0144 do pracy i inne korzy\u015bci, aby pom\u00f3c m\u0142odym przedsi\u0119biorstwom w rozwoju i przyspieszeniu ich wzrostu. W zamian za udzia\u0142 w programie akceleracyjnym, startupy zazwyczaj udost\u0119pniaj\u0105 cz\u0119\u015b\u0107 swoich udzia\u0142\u00f3w akcyjnych.<\/p>\n<p>&nbsp;<\/p>\n<h3>Klucz do sukcesu: Zacznij przed poczuciem gotowo\u015bci<\/h3>\n<p>Wiod\u0105cy akceleratorzy startup\u00f3w zdaj\u0105 sobie spraw\u0119 z tego, \u017ce pocz\u0105tkowy etap przedsi\u0119biorczo\u015bci jest pe\u0142en wyzwa\u0144, a jednocze\u015bnie jest kluczowy dla sukcesu. Cz\u0119sto to w\u0142a\u015bnie w pierwszych miesi\u0105cach czy latach dzia\u0142alno\u015bci przedsi\u0119biorca nabiera do\u015bwiadczenia, dostosowuje si\u0119 do rynku i dowiaduje si\u0119, jakie zmiany s\u0105 niezb\u0119dne. Dlatego tak wa\u017cne jest zach\u0119canie do dzia\u0142ania zanim poczuje si\u0119 pe\u0142ni gotowy.<\/p>\n<p>&nbsp;<\/p>\n<h3>Wspieranie M\u0142odych Przedsi\u0119biorc\u00f3w<\/h3>\n<p>Najlepsze akceleratory startup\u00f3w k\u0142ad\u0105 du\u017cy nacisk na wspieranie m\u0142odych przedsi\u0119biorc\u00f3w na ka\u017cdym etapie ich drogi. Programy akceleracyjne obejmuj\u0105 zazwyczaj intensywne szkolenia, warsztaty, sesje mentoratowe i dost\u0119p do sieci kontakt\u00f3w biznesowych. Jednak to, co wyr\u00f3\u017cnia najlepsze akceleratory, to podej\u015bcie, kt\u00f3re stawia na dzia\u0142anie zanim pojawi si\u0119 pe\u0142ne przekonanie o gotowo\u015bci.<\/p>\n<p>&nbsp;<\/p>\n<h3>Korzy\u015bci z Wczesnego Rozpocz\u0119cia Dzia\u0142alno\u015bci<\/h3>\n<ol>\n<li><strong>Nauka na B\u0142\u0119dach:<\/strong> Wczesne rozpocz\u0119cie dzia\u0142alno\u015bci pozwala przedsi\u0119biorcy na pope\u0142nianie b\u0142\u0119d\u00f3w i wyci\u0105ganie wniosk\u00f3w z nich. To bezcenne do\u015bwiadczenie, kt\u00f3re trudno zdoby\u0107 w inny spos\u00f3b.<\/li>\n<li><strong>Dopasowanie do Rynku:<\/strong> Aktywno\u015b\u0107 przedsi\u0119biorcy na rynku ju\u017c na wczesnym etapie pozwala na lepsze zrozumienie potrzeb klient\u00f3w i dostosowanie produktu lub us\u0142ugi do rzeczywistych oczekiwa\u0144.<\/li>\n<li><strong>Zdobywanie Trafnych Informacji:<\/strong> Dzia\u0142anie przed poczuciem gotowo\u015bci oznacza sta\u0142y kontakt z potencjalnymi klientami, co przek\u0142ada si\u0119 na szybkie zdobywanie informacji zwrotnej na temat produktu.<\/li>\n<li><strong>Przyci\u0105ganie Inwestor\u00f3w:<\/strong> Inwestorzy s\u0105 bardziej sk\u0142onni zainwestowa\u0107 w startup, kt\u00f3ry ju\u017c dzia\u0142a i ma pewne osi\u0105gni\u0119cia, nawet je\u015bli s\u0105 one skromne.<\/li>\n<\/ol>\n<p>&nbsp;<\/p>\n<\/div>\n<\/div>\n<\/div>\n<p>[\/vc_column_text][\/vc_column][\/vc_row][vc_row row_type=&#8221;row&#8221; use_row_as_full_screen_section=&#8221;no&#8221; type=&#8221;full_width&#8221; oblique_section=&#8221;no&#8221; text_align=&#8221;left&#8221; css_animation=&#8221;&#8221;][vc_column][vc_empty_space image_repeat=&#8221;no-repeat&#8221;][\/vc_column][\/vc_row][vc_row row_type=&#8221;row&#8221; use_row_as_full_screen_section=&#8221;no&#8221; type=&#8221;full_width&#8221; oblique_section=&#8221;no&#8221; text_align=&#8221;left&#8221; css_animation=&#8221;&#8221;][vc_column][vc_column_text]<\/p>\n<h3>Podsumowanie<\/h3>\n<p>W wyborze akceleratora dla swojego startupu warto szuka\u0107 tych, kt\u00f3re promuj\u0105 filozofi\u0119 dzia\u0142ania przed pe\u0142nym poczuciem gotowo\u015bci. Wczesne rozpocz\u0119cie dzia\u0142alno\u015bci przynosi liczne korzy\u015bci, kt\u00f3re mog\u0105 przekszta\u0142ci\u0107 si\u0119 w sukces na d\u0142u\u017csz\u0105 met\u0119. Dlatego te\u017c, dobry akcelerator nie tylko dostarcza finansowego wsparcia, ale r\u00f3wnie\u017c inspiruje i mobilizuje przedsi\u0119biorc\u00f3w do dzia\u0142ania, nawet je\u015bli jeszcze nie s\u0105 ca\u0142kowicie gotowi na wyzwania przed nimi.<\/p>\n<p>[\/vc_column_text][\/vc_column][\/vc_row][vc_row row_type=&#8221;row&#8221; use_row_as_full_screen_section=&#8221;no&#8221; type=&#8221;full_width&#8221; oblique_section=&#8221;no&#8221; text_align=&#8221;left&#8221; css_animation=&#8221;&#8221;][vc_column][vc_column_text]<\/p>\n<p>[\/vc_column_text][\/vc_column][\/vc_row][vc_row row_type=&#8221;row&#8221; use_row_as_full_screen_section=&#8221;no&#8221; type=&#8221;full_width&#8221; oblique_section=&#8221;no&#8221; text_align=&#8221;left&#8221; css_animation=&#8221;&#8221;][vc_column][vc_column_text]<\/p>\n<p>[\/vc_column_text][\/vc_column][\/vc_row][vc_row row_type=&#8221;row&#8221; use_row_as_full_screen_section=&#8221;no&#8221; type=&#8221;full_width&#8221; oblique_section=&#8221;no&#8221; text_align=&#8221;left&#8221; css_animation=&#8221;&#8221;][vc_column][vc_column_text]<\/p>\n<p>[\/vc_column_text][\/vc_column][\/vc_row][vc_row row_type=&#8221;row&#8221; use_row_as_full_screen_section=&#8221;no&#8221; type=&#8221;full_width&#8221; oblique_section=&#8221;no&#8221; text_align=&#8221;left&#8221; css_animation=&#8221;&#8221;][vc_column][vc_column_text]<\/p>\n<p>&nbsp;<\/p>\n<p>[\/vc_column_text][\/vc_column][\/vc_row]<\/p>\n<\/div>","protected":false},"excerpt":{"rendered":"<p>[vc_row row_type=&#8221;row&#8221; use_row_as_full_screen_section=&#8221;no&#8221; type=&#8221;full_width&#8221; oblique_section=&#8221;no&#8221; text_align=&#8221;left&#8221; css_animation=&#8221;&#8221;][vc_column][vc_separator type=&#8221;normal&#8221;][vc_empty_space image_repeat=&#8221;no-repeat&#8221;][vc_column_text] Zacznij, zanim poczujesz si\u0119 gotowy &#8230;. W dzisiejszym dynamicznym \u015bwiecie przedsi\u0119biorczo\u015bci, rozpocz\u0119cie w\u0142asnego startupu mo\u017ce by\u0107 ekscytuj\u0105cym, ale i trudnym zadaniem. W tym kontek\u015bcie, akceleratory startup\u00f3w staj\u0105 si\u0119 kluczowym elementem wspieraj\u0105cym m\u0142ode przedsi\u0119wzi\u0119cia. Jednak wyb\u00f3r odpowiedniego<\/p>\n","protected":false},"author":1,"featured_media":0,"parent":0,"menu_order":0,"comment_status":"closed","ping_status":"closed","template":"","meta":{"footnotes":""},"class_list":["post-40791","page","type-page","status-publish","hentry"],"_links":{"self":[{"href":"https:\/\/asistiq.pl\/index.php\/wp-json\/wp\/v2\/pages\/40791","targetHints":{"allow":["GET"]}}],"collection":[{"href":"https:\/\/asistiq.pl\/index.php\/wp-json\/wp\/v2\/pages"}],"about":[{"href":"https:\/\/asistiq.pl\/index.php\/wp-json\/wp\/v2\/types\/page"}],"author":[{"embeddable":true,"href":"https:\/\/asistiq.pl\/index.php\/wp-json\/wp\/v2\/users\/1"}],"replies":[{"embeddable":true,"href":"https:\/\/asistiq.pl\/index.php\/wp-json\/wp\/v2\/comments?post=40791"}],"version-history":[{"count":8,"href":"https:\/\/asistiq.pl\/index.php\/wp-json\/wp\/v2\/pages\/40791\/revisions"}],"predecessor-version":[{"id":40800,"href":"https:\/\/asistiq.pl\/index.php\/wp-json\/wp\/v2\/pages\/40791\/revisions\/40800"}],"wp:attachment":[{"href":"https:\/\/asistiq.pl\/index.php\/wp-json\/wp\/v2\/media?parent=40791"}],"curies":[{"name":"wp","href":"https:\/\/api.w.org\/{rel}","templated":true}]}}