{"id":40808,"date":"2023-10-14T10:01:42","date_gmt":"2023-10-14T08:01:42","guid":{"rendered":"https:\/\/asistiq.pl\/?page_id=40808"},"modified":"2023-10-14T10:05:57","modified_gmt":"2023-10-14T08:05:57","slug":"home3","status":"publish","type":"page","link":"https:\/\/asistiq.pl\/index.php\/home3\/","title":{"rendered":"Wyznacz sobie cele i osi\u0105gnij je"},"content":{"rendered":"<div class=\"wpb-content-wrapper\"><p>[vc_row row_type=&#8221;row&#8221; use_row_as_full_screen_section=&#8221;no&#8221; type=&#8221;full_width&#8221; oblique_section=&#8221;no&#8221; text_align=&#8221;left&#8221; css_animation=&#8221;&#8221;][vc_column][vc_separator type=&#8221;normal&#8221;][vc_empty_space image_repeat=&#8221;no-repeat&#8221;][vc_column_text]<\/p>\n<h2>Klucz do Sta\u0142ej Motywacji<\/h2>\n<p>W \u017cyciu ka\u017cdy z nas d\u0105\u017cy do osi\u0105gni\u0119cia sukcesu, spe\u0142nienia marze\u0144 i zdobycia satysfakcji z w\u0142asnych dokona\u0144. Kluczowym elementem na drodze do realizacji tych aspiracji jest wyznaczanie sobie cel\u00f3w i utrzymanie motywacji przez ca\u0142y czas. W niniejszym artykule przyjrzymy si\u0119, dlaczego okre\u015blanie cel\u00f3w jest istotne, jak utrzyma\u0107 d\u0142ugotrwa\u0142\u0105 motywacj\u0119 oraz jak osi\u0105ga\u0107 zamierzone cele.<\/p>\n<p>&nbsp;<\/p>\n<h3><\/h3>\n<h3><strong>Cel jako Przewodnik<\/strong><\/h3>\n<p>Wyznaczanie sobie cel\u00f3w to jak okre\u015blanie destynacji przed podr\u00f3\u017c\u0105. Bez cel\u00f3w trudno znale\u017a\u0107 kierunek i skoncentrowa\u0107 si\u0119 na konkretnej drodze do osi\u0105gni\u0119cia sukcesu. Cel dzia\u0142a jak latarnia morska, prowadz\u0105ca nas przez morze \u017cyciowych wyzwa\u0144.<\/p>\n<ol>\n<li><strong>Klaryfikacja Priorytet\u00f3w:<\/strong>Okre\u015blanie cel\u00f3w pomaga zrozumie\u0107, co jest naprawd\u0119 wa\u017cne. Pozwala na ukierunkowanie swoich dzia\u0142a\u0144 na najwa\u017cniejsze obszary \u017cycia.<\/li>\n<li><strong>Motywacja do Dzia\u0142ania:<\/strong> Cel staje si\u0119 motorem nap\u0119dowym do podejmowania dzia\u0142a\u0144. To, \u017ce mamy jasno sprecyzowany cel, sprawia, \u017ce \u0142atwiej pokonywa\u0107 przeszkody i utrzymywa\u0107 zaanga\u017cowanie.<\/li>\n<li><strong>Mierzenie Post\u0119p\u00f3w:<\/strong> Cel umo\u017cliwia nam \u015bledzenie post\u0119p\u00f3w. To, \u017ce widzimy, jak zbli\u017camy si\u0119 do zamierzonego rezultatu, dzia\u0142a dodatkowo motywuj\u0105co.<\/li>\n<\/ol>\n<p>&nbsp;<\/p>\n<h3><\/h3>\n<h3><strong>Zachowaj Ci\u0105g\u0142\u0105 Motywacj\u0119<\/strong><\/h3>\n<p>Utrzymywanie motywacji przez ca\u0142y czas to wyzwanie, ale jest to kluczowy element osi\u0105gania sukcesu. Oto kilka sposob\u00f3w, jak utrzyma\u0107 sta\u0142\u0105 motywacj\u0119:<\/p>\n<h4>1. <strong>Podziel Cele na Etapy:<\/strong><\/h4>\n<p>Wielkie cele mo\u017cna przyspieszy\u0107, dziel\u0105c je na mniejsze kroki. To podej\u015bcie sprawia, \u017ce zadania staj\u0105 si\u0119 bardziej osi\u0105galne, co z kolei utrzymuje motywacj\u0119 na wysokim poziomie.<\/p>\n<h4>2. <strong>Tw\u00f3rz Realistyczne Planowanie:<\/strong><\/h4>\n<p>Postaw sobie wykonalne cele. Unikaj przeci\u0105\u017cenia si\u0119 zadaniami, co mo\u017ce prowadzi\u0107 do frustracji. Planuj realistycznie, bior\u0105c pod uwag\u0119 swoje zasoby i ograniczenia czasowe.<\/p>\n<h4>3. <strong>Ciesz Si\u0119 Ma\u0142ymi Sukcesami:<\/strong><\/h4>\n<p>Ka\u017cdy krok w kierunku celu to sukces. Nie pomijaj ma\u0142ych osi\u0105gni\u0119\u0107. Ciesz si\u0119 nimi, doceniaj sw\u00f3j wysi\u0142ek, to dodatkowo pobudza motywacj\u0119.<\/p>\n<h4>4. <strong>Opracuj System Nagr\u00f3d:<\/strong><\/h4>\n<p>Nagradzaj siebie za osi\u0105gni\u0119cia. To mo\u017ce by\u0107 odrobina luksusu po skutecznie wykonane zadanie, co sprawi, \u017ce praca b\u0119dzie przyjemniejsza.<\/p>\n<h4>5. <strong>Pozosta\u0144 Elastyczny:<\/strong><\/h4>\n<p>\u015awiat si\u0119 zmienia, a raz wyznaczony cel mo\u017ce wymaga\u0107 dostosowania. B\u0105d\u017a elastyczny, otwarty na nowe pomys\u0142y i \u015bcie\u017cki, kt\u00f3re mog\u0105 pojawi\u0107 si\u0119 podczas podr\u00f3\u017cy do celu.<\/p>\n<p>&nbsp;<\/p>\n<h3><\/h3>\n<h3><strong>Osi\u0105ganie Cel\u00f3w: Proces, Nie Punktu<\/strong><\/h3>\n<p>Osi\u0105gni\u0119cie celu to nie koniec podr\u00f3\u017cy, ale proces, kt\u00f3ry przynosi nauk\u0119, do\u015bwiadczenie i rozw\u00f3j osobisty. To r\u00f3wnie\u017c moment, aby spojrze\u0107 na nowe wyzwania i cele.<\/p>\n<ol>\n<li><strong>Refleksja po Osi\u0105gni\u0119ciu Celu:<\/strong> Po osi\u0105gni\u0119ciu celu zastan\u00f3w si\u0119 nad tym, co si\u0119 uda\u0142o, a co mo\u017cna by\u0142o zrobi\u0107 lepiej. To doskona\u0142a lekcja na przysz\u0142o\u015b\u0107.<\/li>\n<li><strong>Nowe Cele i Marzenia:<\/strong> Po osi\u0105gni\u0119ciu jednego celu, nie zatrzymuj si\u0119. Wyznacz nowe cele i marzenia, by d\u0105\u017cy\u0107 do nieustannego rozwoju.<\/li>\n<li><strong>Podziel Si\u0119 Swoim Sukcesem:<\/strong> Dzielenie si\u0119 swoimi sukcesami z innymi mo\u017ce dodatkowo nas motywowa\u0107. Wsp\u00f3\u0142dzielenie rado\u015bci z bliskimi sprawia, \u017ce sukces staje si\u0119 bardziej pe\u0142ny.<\/li>\n<\/ol>\n<p>[\/vc_column_text][\/vc_column][\/vc_row][vc_row row_type=&#8221;row&#8221; use_row_as_full_screen_section=&#8221;no&#8221; type=&#8221;full_width&#8221; oblique_section=&#8221;no&#8221; text_align=&#8221;left&#8221; css_animation=&#8221;&#8221;][vc_column][vc_empty_space image_repeat=&#8221;no-repeat&#8221;][\/vc_column][\/vc_row][vc_row row_type=&#8221;row&#8221; use_row_as_full_screen_section=&#8221;no&#8221; type=&#8221;full_width&#8221; oblique_section=&#8221;no&#8221; text_align=&#8221;left&#8221; css_animation=&#8221;&#8221;][vc_column][vc_column_text]<\/p>\n<h2><strong>Cel jako Klucz do Motywacji<\/strong><\/h2>\n<p>Wyznaczanie sobie cel\u00f3w to kluczowy element osi\u0105gania sukcesu, a utrzymanie motywacji przez ca\u0142y czas sprawia, \u017ce podr\u00f3\u017c ta staje si\u0119 bardziej satysfakcjonuj\u0105ca. Cel dzia\u0142a jak kompas, pomagaj\u0105c znale\u017a\u0107 kierunek, a jednocze\u015bnie motywuje nas do ci\u0105g\u0142ego dzia\u0142ania. Zaplanuj swoje cele, utrzymuj motywacj\u0119, a osi\u0105gni\u0119cie sukcesu stanie si\u0119 nieuchronnym efektem Twojego wysi\u0142ku i determinacji.<\/p>\n<p>[\/vc_column_text][\/vc_column][\/vc_row][vc_row row_type=&#8221;row&#8221; use_row_as_full_screen_section=&#8221;no&#8221; type=&#8221;full_width&#8221; oblique_section=&#8221;no&#8221; text_align=&#8221;left&#8221; css_animation=&#8221;&#8221;][vc_column][vc_column_text]<\/p>\n<p>[\/vc_column_text][\/vc_column][\/vc_row][vc_row row_type=&#8221;row&#8221; use_row_as_full_screen_section=&#8221;no&#8221; type=&#8221;full_width&#8221; oblique_section=&#8221;no&#8221; text_align=&#8221;left&#8221; css_animation=&#8221;&#8221;][vc_column][vc_column_text]<\/p>\n<p>[\/vc_column_text][\/vc_column][\/vc_row][vc_row row_type=&#8221;row&#8221; use_row_as_full_screen_section=&#8221;no&#8221; type=&#8221;full_width&#8221; oblique_section=&#8221;no&#8221; text_align=&#8221;left&#8221; css_animation=&#8221;&#8221;][vc_column][vc_column_text]<\/p>\n<p>[\/vc_column_text][\/vc_column][\/vc_row][vc_row row_type=&#8221;row&#8221; use_row_as_full_screen_section=&#8221;no&#8221; type=&#8221;full_width&#8221; oblique_section=&#8221;no&#8221; text_align=&#8221;left&#8221; css_animation=&#8221;&#8221;][vc_column][vc_column_text]<\/p>\n<p>&nbsp;<\/p>\n<p>[\/vc_column_text][\/vc_column][\/vc_row][vc_row row_type=&#8221;row&#8221; use_row_as_full_screen_section=&#8221;no&#8221; type=&#8221;full_width&#8221; oblique_section=&#8221;no&#8221; text_align=&#8221;left&#8221; css_animation=&#8221;&#8221;][vc_column][vc_column_text]<\/p>\n<p>[\/vc_column_text][\/vc_column][\/vc_row][vc_row row_type=&#8221;row&#8221; use_row_as_full_screen_section=&#8221;no&#8221; type=&#8221;full_width&#8221; oblique_section=&#8221;no&#8221; text_align=&#8221;left&#8221; css_animation=&#8221;&#8221;][vc_column][vc_column_text]<\/p>\n<p>[\/vc_column_text][\/vc_column][\/vc_row][vc_row row_type=&#8221;row&#8221; use_row_as_full_screen_section=&#8221;no&#8221; type=&#8221;full_width&#8221; oblique_section=&#8221;no&#8221; text_align=&#8221;left&#8221; css_animation=&#8221;&#8221;][vc_column][vc_column_text]<\/p>\n<p>[\/vc_column_text][\/vc_column][\/vc_row][vc_row row_type=&#8221;row&#8221; use_row_as_full_screen_section=&#8221;no&#8221; type=&#8221;full_width&#8221; oblique_section=&#8221;no&#8221; text_align=&#8221;left&#8221; css_animation=&#8221;&#8221;][vc_column][vc_column_text]<\/p>\n<p>[\/vc_column_text][\/vc_column][\/vc_row][vc_row row_type=&#8221;row&#8221; use_row_as_full_screen_section=&#8221;no&#8221; type=&#8221;full_width&#8221; oblique_section=&#8221;no&#8221; text_align=&#8221;left&#8221; css_animation=&#8221;&#8221;][vc_column][vc_column_text]<\/p>\n<p>[\/vc_column_text][\/vc_column][\/vc_row][vc_row row_type=&#8221;row&#8221; use_row_as_full_screen_section=&#8221;no&#8221; type=&#8221;full_width&#8221; oblique_section=&#8221;no&#8221; text_align=&#8221;left&#8221; css_animation=&#8221;&#8221;][vc_column][vc_column_text]<\/p>\n<p>[\/vc_column_text][\/vc_column][\/vc_row][vc_row row_type=&#8221;row&#8221; use_row_as_full_screen_section=&#8221;no&#8221; type=&#8221;full_width&#8221; oblique_section=&#8221;no&#8221; text_align=&#8221;left&#8221; css_animation=&#8221;&#8221;][vc_column][vc_column_text]<\/p>\n<p>[\/vc_column_text][\/vc_column][\/vc_row][vc_row row_type=&#8221;row&#8221; use_row_as_full_screen_section=&#8221;no&#8221; type=&#8221;full_width&#8221; oblique_section=&#8221;no&#8221; text_align=&#8221;left&#8221; css_animation=&#8221;&#8221;][vc_column][vc_column_text]<\/p>\n<p>[\/vc_column_text][\/vc_column][\/vc_row]<\/p>\n<p>&nbsp;<\/p>\n<\/div>","protected":false},"excerpt":{"rendered":"<p>[vc_row row_type=&#8221;row&#8221; use_row_as_full_screen_section=&#8221;no&#8221; type=&#8221;full_width&#8221; oblique_section=&#8221;no&#8221; text_align=&#8221;left&#8221; css_animation=&#8221;&#8221;][vc_column][vc_separator type=&#8221;normal&#8221;][vc_empty_space image_repeat=&#8221;no-repeat&#8221;][vc_column_text] Klucz do Sta\u0142ej Motywacji W \u017cyciu ka\u017cdy z nas d\u0105\u017cy do osi\u0105gni\u0119cia sukcesu, spe\u0142nienia marze\u0144 i zdobycia satysfakcji z w\u0142asnych dokona\u0144. Kluczowym elementem na drodze do realizacji tych aspiracji jest wyznaczanie sobie cel\u00f3w i utrzymanie motywacji<\/p>\n","protected":false},"author":1,"featured_media":0,"parent":0,"menu_order":0,"comment_status":"closed","ping_status":"closed","template":"","meta":{"footnotes":""},"class_list":["post-40808","page","type-page","status-publish","hentry"],"_links":{"self":[{"href":"https:\/\/asistiq.pl\/index.php\/wp-json\/wp\/v2\/pages\/40808","targetHints":{"allow":["GET"]}}],"collection":[{"href":"https:\/\/asistiq.pl\/index.php\/wp-json\/wp\/v2\/pages"}],"about":[{"href":"https:\/\/asistiq.pl\/index.php\/wp-json\/wp\/v2\/types\/page"}],"author":[{"embeddable":true,"href":"https:\/\/asistiq.pl\/index.php\/wp-json\/wp\/v2\/users\/1"}],"replies":[{"embeddable":true,"href":"https:\/\/asistiq.pl\/index.php\/wp-json\/wp\/v2\/comments?post=40808"}],"version-history":[{"count":4,"href":"https:\/\/asistiq.pl\/index.php\/wp-json\/wp\/v2\/pages\/40808\/revisions"}],"predecessor-version":[{"id":40812,"href":"https:\/\/asistiq.pl\/index.php\/wp-json\/wp\/v2\/pages\/40808\/revisions\/40812"}],"wp:attachment":[{"href":"https:\/\/asistiq.pl\/index.php\/wp-json\/wp\/v2\/media?parent=40808"}],"curies":[{"name":"wp","href":"https:\/\/api.w.org\/{rel}","templated":true}]}}