{"id":40813,"date":"2023-10-14T10:13:52","date_gmt":"2023-10-14T08:13:52","guid":{"rendered":"https:\/\/asistiq.pl\/?page_id=40813"},"modified":"2023-10-14T10:19:04","modified_gmt":"2023-10-14T08:19:04","slug":"home4","status":"publish","type":"page","link":"https:\/\/asistiq.pl\/index.php\/home4\/","title":{"rendered":"Nikt nie m\u00f3wi\u0142, \u017ce b\u0119dzie \u0142atwo"},"content":{"rendered":"<div class=\"wpb-content-wrapper\"><p>[vc_row row_type=&#8221;row&#8221; use_row_as_full_screen_section=&#8221;no&#8221; type=&#8221;full_width&#8221; oblique_section=&#8221;no&#8221; text_align=&#8221;left&#8221; css_animation=&#8221;&#8221;][vc_column][vc_separator type=&#8221;normal&#8221;][vc_empty_space image_repeat=&#8221;no-repeat&#8221;][vc_column_text]<\/p>\n<h2>Sprawniej z Naszym Wsparciem Biznesowym<\/h2>\n<p>\u015awiat biznesu to nie tylko pole gry dla indywidualist\u00f3w, ale tak\u017ce aren\u0119, gdzie si\u0142a zespo\u0142u i wsparcia biznesowego odgrywaj\u0105 kluczow\u0105 rol\u0119 w osi\u0105ganiu sukcesu. Nikt nie obiecywa\u0142, \u017ce b\u0119dzie \u0142atwo prowadzi\u0107 firm\u0119, ale z solidnym wsparciem, mo\u017cliwe jest pokonanie wszelkich trudno\u015bci i osi\u0105gni\u0119cie cel\u00f3w szybciej, lepiej i sprawniej. W tym artykule skupimy si\u0119 na znaczeniu wsparcia biznesowego i sposobach, jak maksymalizowa\u0107 potencja\u0142 zespo\u0142owego sukcesu.<\/p>\n<p>&nbsp;<\/p>\n<h3><\/h3>\n<h3><strong>Wsparcie Biznesowe: Klucz do Efektywno\u015bci<\/strong><\/h3>\n<ol>\n<li>\n<h4><strong>Zdobywanie Wiedzy:<\/strong><\/h4>\n<p>Wsp\u00f3\u0142praca z lud\u017ami o r\u00f3\u017cnych umiej\u0119tno\u015bciach i do\u015bwiadczeniach pozwala na efektywn\u0105 wymian\u0119 wiedzy. Zespo\u0142y, kt\u00f3re ucz\u0105 si\u0119 od siebie nawzajem, s\u0105 bardziej dostosowane do dynamicznie zmieniaj\u0105cego si\u0119 otoczenia biznesowego.<\/li>\n<li>\n<h4><strong>Dzielenie Odpowiedzialno\u015bci:<\/strong><\/h4>\n<p>Solidny zesp\u00f3\u0142 biznesowy to taki, kt\u00f3ry potrafi skutecznie dzieli\u0107 odpowiedzialno\u015bci. Ka\u017cdy cz\u0142onek zespo\u0142u wnosi co\u015b unikalnego, co pozwala na efektywne pokonywanie wyzwa\u0144.<\/li>\n<li>\n<h4><strong>Wsparcie w Decyzjach:<\/strong><\/h4>\n<p>Biznes to ci\u0105g\u0142e podejmowanie decyzji. Wsparcie zespo\u0142u daje pewno\u015b\u0107, \u017ce decyzje s\u0105 podejmowane w spos\u00f3b przemy\u015blany i zgodny z misj\u0105 firmy.<\/li>\n<\/ol>\n<p>&nbsp;<\/p>\n<h2><\/h2>\n<h3><strong>Rodzaje Wsparcia Biznesowego<\/strong><\/h3>\n<ol>\n<li>\n<h4><strong>Mentorstwo:<\/strong><\/h4>\n<p>Znalezienie mentora w danej bran\u017cy mo\u017ce by\u0107 kluczowe dla sukcesu. Do\u015bwiadczony mentor mo\u017ce dzieli\u0107 si\u0119 wiedz\u0105, oferowa\u0107 rady i pomaga\u0107 w rozwi\u0105zywaniu problem\u00f3w.<\/li>\n<li>\n<h4><strong>Sieci Biznesowe:<\/strong><\/h4>\n<p>Aktywne uczestnictwo w sieciach biznesowych pozwala na nawi\u0105zywanie cennych kontakt\u00f3w, wymian\u0119 do\u015bwiadcze\u0144 oraz pozyskiwanie potencjalnych partner\u00f3w biznesowych.<\/li>\n<li>\n<h4><strong>Wsparcie Finansowe:<\/strong><\/h4>\n<p>Dost\u0119p do kapita\u0142u to kluczowy element rozwoju firmy. Wsparcie finansowe od inwestor\u00f3w, bank\u00f3w czy program\u00f3w akceleracyjnych mo\u017ce znacznie przyspieszy\u0107 rozw\u00f3j przedsi\u0119biorstwa.<\/li>\n<\/ol>\n<p>&nbsp;<\/p>\n<h2><\/h2>\n<h3><strong>Zespo\u0142owa Moc Sukcesu<\/strong><\/h3>\n<ol>\n<li><strong>Tworzenie Zr\u00f3wnowa\u017conych Zespo\u0142\u00f3w:<\/strong> Wspieraj\u0105ce \u015brodowisko pracy to klucz do efektywno\u015bci. Firmy, kt\u00f3re dbaj\u0105 o zr\u00f3wnowa\u017cone zespo\u0142y, zyskuj\u0105 na produktywno\u015bci i kreatywno\u015bci.<\/li>\n<li><strong>Wsp\u00f3lne Cele i Wizja:<\/strong> Wsparcie biznesowe wynika z wsp\u00f3lnej wizji i cel\u00f3w. Je\u015bli zesp\u00f3\u0142 ma jasno okre\u015blone cele, praca staje si\u0119 bardziej ukierunkowana i skuteczna.<\/li>\n<li><strong>Rozw\u00f3j Osobisty i Zawodowy:<\/strong> Firmy, kt\u00f3re inwestuj\u0105 w rozw\u00f3j swoich pracownik\u00f3w, tworz\u0105 zesp\u00f3\u0142 bardziej zaanga\u017cowany i zdolny do osi\u0105gania sukces\u00f3w. Programy szkoleniowe, mentoring i coaching to narz\u0119dzia buduj\u0105ce potencja\u0142 zespo\u0142u.<\/li>\n<\/ol>\n<p>[\/vc_column_text][\/vc_column][\/vc_row][vc_row row_type=&#8221;row&#8221; use_row_as_full_screen_section=&#8221;no&#8221; type=&#8221;full_width&#8221; oblique_section=&#8221;no&#8221; text_align=&#8221;left&#8221; css_animation=&#8221;&#8221;][vc_column][vc_empty_space image_repeat=&#8221;no-repeat&#8221;][\/vc_column][\/vc_row][vc_row row_type=&#8221;row&#8221; use_row_as_full_screen_section=&#8221;no&#8221; type=&#8221;full_width&#8221; oblique_section=&#8221;no&#8221; text_align=&#8221;left&#8221; css_animation=&#8221;&#8221;][vc_column][vc_column_text]<\/p>\n<h2><strong>Razem Do Sukcesu<\/strong><\/h2>\n<p>Biznesowy \u015bwiat mo\u017ce by\u0107 wyzwaniem, ale z odpowiednim wsparciem staje si\u0119 znacznie bardziej przyst\u0119pny. Nikt nie obieca\u0142, \u017ce b\u0119dzie \u0142atwo, ale zespo\u0142owe d\u0105\u017cenie do cel\u00f3w, dzielenie si\u0119 wiedz\u0105 i wzajemne wsparcie to klucz do osi\u0105gania sukcesu szybciej, lepiej i sprawniej. Budowanie zdolnego zespo\u0142u biznesowego oraz korzystanie z r\u00f3\u017cnych form wsparcia biznesowego to strategie, kt\u00f3re mog\u0105 sprawi\u0107, \u017ce nawet najtrudniejsze wyzwania staj\u0105 si\u0119 osi\u0105galne.<\/p>\n<p>&nbsp;<\/p>\n<p>&nbsp;<\/p>\n<p>[\/vc_column_text][\/vc_column][\/vc_row][vc_row row_type=&#8221;row&#8221; use_row_as_full_screen_section=&#8221;no&#8221; type=&#8221;full_width&#8221; oblique_section=&#8221;no&#8221; text_align=&#8221;left&#8221; css_animation=&#8221;&#8221;][vc_column][vc_column_text]<\/p>\n<p>[\/vc_column_text][\/vc_column][\/vc_row][vc_row row_type=&#8221;row&#8221; use_row_as_full_screen_section=&#8221;no&#8221; type=&#8221;full_width&#8221; oblique_section=&#8221;no&#8221; text_align=&#8221;left&#8221; css_animation=&#8221;&#8221;][vc_column][vc_column_text]<\/p>\n<p>[\/vc_column_text][\/vc_column][\/vc_row][vc_row row_type=&#8221;row&#8221; use_row_as_full_screen_section=&#8221;no&#8221; type=&#8221;full_width&#8221; oblique_section=&#8221;no&#8221; text_align=&#8221;left&#8221; css_animation=&#8221;&#8221;][vc_column][vc_column_text]<\/p>\n<p>[\/vc_column_text][\/vc_column][\/vc_row][vc_row row_type=&#8221;row&#8221; use_row_as_full_screen_section=&#8221;no&#8221; type=&#8221;full_width&#8221; oblique_section=&#8221;no&#8221; text_align=&#8221;left&#8221; css_animation=&#8221;&#8221;][vc_column][vc_column_text]<\/p>\n<p>&nbsp;<\/p>\n<p>[\/vc_column_text][\/vc_column][\/vc_row][vc_row row_type=&#8221;row&#8221; use_row_as_full_screen_section=&#8221;no&#8221; type=&#8221;full_width&#8221; oblique_section=&#8221;no&#8221; text_align=&#8221;left&#8221; css_animation=&#8221;&#8221;][vc_column][vc_column_text]<\/p>\n<p>[\/vc_column_text][\/vc_column][\/vc_row][vc_row row_type=&#8221;row&#8221; use_row_as_full_screen_section=&#8221;no&#8221; type=&#8221;full_width&#8221; oblique_section=&#8221;no&#8221; text_align=&#8221;left&#8221; css_animation=&#8221;&#8221;][vc_column][vc_column_text]<\/p>\n<p>[\/vc_column_text][\/vc_column][\/vc_row][vc_row row_type=&#8221;row&#8221; use_row_as_full_screen_section=&#8221;no&#8221; type=&#8221;full_width&#8221; oblique_section=&#8221;no&#8221; text_align=&#8221;left&#8221; css_animation=&#8221;&#8221;][vc_column][vc_column_text]<\/p>\n<p>[\/vc_column_text][\/vc_column][\/vc_row][vc_row row_type=&#8221;row&#8221; use_row_as_full_screen_section=&#8221;no&#8221; type=&#8221;full_width&#8221; oblique_section=&#8221;no&#8221; text_align=&#8221;left&#8221; css_animation=&#8221;&#8221;][vc_column][vc_column_text]<\/p>\n<p>[\/vc_column_text][\/vc_column][\/vc_row][vc_row row_type=&#8221;row&#8221; use_row_as_full_screen_section=&#8221;no&#8221; type=&#8221;full_width&#8221; oblique_section=&#8221;no&#8221; text_align=&#8221;left&#8221; css_animation=&#8221;&#8221;][vc_column][vc_column_text]<\/p>\n<p>[\/vc_column_text][\/vc_column][\/vc_row][vc_row row_type=&#8221;row&#8221; use_row_as_full_screen_section=&#8221;no&#8221; type=&#8221;full_width&#8221; oblique_section=&#8221;no&#8221; text_align=&#8221;left&#8221; css_animation=&#8221;&#8221;][vc_column][vc_column_text]<\/p>\n<p>[\/vc_column_text][\/vc_column][\/vc_row][vc_row row_type=&#8221;row&#8221; use_row_as_full_screen_section=&#8221;no&#8221; type=&#8221;full_width&#8221; oblique_section=&#8221;no&#8221; text_align=&#8221;left&#8221; css_animation=&#8221;&#8221;][vc_column][vc_column_text]<\/p>\n<p>[\/vc_column_text][\/vc_column][\/vc_row][vc_row row_type=&#8221;row&#8221; use_row_as_full_screen_section=&#8221;no&#8221; type=&#8221;full_width&#8221; oblique_section=&#8221;no&#8221; text_align=&#8221;left&#8221; css_animation=&#8221;&#8221;][vc_column][vc_column_text]<\/p>\n<p>[\/vc_column_text][\/vc_column][\/vc_row]<\/p>\n<\/div>","protected":false},"excerpt":{"rendered":"<p>[vc_row row_type=&#8221;row&#8221; use_row_as_full_screen_section=&#8221;no&#8221; type=&#8221;full_width&#8221; oblique_section=&#8221;no&#8221; text_align=&#8221;left&#8221; css_animation=&#8221;&#8221;][vc_column][vc_separator type=&#8221;normal&#8221;][vc_empty_space image_repeat=&#8221;no-repeat&#8221;][vc_column_text] Sprawniej z Naszym Wsparciem Biznesowym \u015awiat biznesu to nie tylko pole gry dla indywidualist\u00f3w, ale tak\u017ce aren\u0119, gdzie si\u0142a zespo\u0142u i wsparcia biznesowego odgrywaj\u0105 kluczow\u0105 rol\u0119 w osi\u0105ganiu sukcesu. Nikt nie obiecywa\u0142, \u017ce b\u0119dzie \u0142atwo prowadzi\u0107<\/p>\n","protected":false},"author":1,"featured_media":0,"parent":0,"menu_order":0,"comment_status":"closed","ping_status":"closed","template":"","meta":{"footnotes":""},"class_list":["post-40813","page","type-page","status-publish","hentry"],"_links":{"self":[{"href":"https:\/\/asistiq.pl\/index.php\/wp-json\/wp\/v2\/pages\/40813","targetHints":{"allow":["GET"]}}],"collection":[{"href":"https:\/\/asistiq.pl\/index.php\/wp-json\/wp\/v2\/pages"}],"about":[{"href":"https:\/\/asistiq.pl\/index.php\/wp-json\/wp\/v2\/types\/page"}],"author":[{"embeddable":true,"href":"https:\/\/asistiq.pl\/index.php\/wp-json\/wp\/v2\/users\/1"}],"replies":[{"embeddable":true,"href":"https:\/\/asistiq.pl\/index.php\/wp-json\/wp\/v2\/comments?post=40813"}],"version-history":[{"count":4,"href":"https:\/\/asistiq.pl\/index.php\/wp-json\/wp\/v2\/pages\/40813\/revisions"}],"predecessor-version":[{"id":40817,"href":"https:\/\/asistiq.pl\/index.php\/wp-json\/wp\/v2\/pages\/40813\/revisions\/40817"}],"wp:attachment":[{"href":"https:\/\/asistiq.pl\/index.php\/wp-json\/wp\/v2\/media?parent=40813"}],"curies":[{"name":"wp","href":"https:\/\/api.w.org\/{rel}","templated":true}]}}