{"id":40835,"date":"2023-10-14T13:47:24","date_gmt":"2023-10-14T11:47:24","guid":{"rendered":"https:\/\/asistiq.pl\/?page_id=40835"},"modified":"2023-10-15T15:44:49","modified_gmt":"2023-10-15T13:44:49","slug":"ksef","status":"publish","type":"page","link":"https:\/\/asistiq.pl\/index.php\/ksef\/","title":{"rendered":"Krajowy System e-Faktur (KSeF)"},"content":{"rendered":"<div class=\"wpb-content-wrapper\"><p>[vc_row row_type=&#8221;row&#8221; use_row_as_full_screen_section=&#8221;no&#8221; type=&#8221;grid&#8221; oblique_section=&#8221;no&#8221; text_align=&#8221;center&#8221; padding_top=&#8221;75&#8243; padding_bottom=&#8221;80&#8243; css_animation=&#8221;&#8221;][vc_column][vc_column_text]<\/p>\n<h2 id=\"tw-target-text\" class=\"tw-data-text tw-text-large tw-ta\" dir=\"ltr\" style=\"text-align: left;\" data-placeholder=\"T\u0142umaczenie\"><span class=\"Y2IQFc\" lang=\"pl\">Krajowy System e-Faktur (KSeF)<\/span><\/h2>\n<p>[\/vc_column_text][vc_separator type=&#8221;transparent&#8221; up=&#8221;35&#8243; down=&#8221;0&#8243;][vc_column_text]<\/p>\n<h3 style=\"text-align: left;\">Krajowy System e-Faktur (KSeF): Innowacyjne Rozwi\u0105zania w Elektronicznym Fakturowaniu w Polsce<\/h3>\n<p style=\"text-align: left;\">W erze cyfrowej, gdzie technologia odgrywa kluczow\u0105 rol\u0119 w wielu aspektach \u017cycia biznesowego, Polska wprowadza nowatorskie rozwi\u0105zania w obszarze elektronicznego fakturowania poprzez Krajowy System e-Faktur, czyli KSeF. System ten stanowi kamie\u0144 milowy w modernizacji proces\u00f3w ksi\u0119gowych i podatkowych, oferuj\u0105c przedsi\u0119biorstwom efektywniejsze narz\u0119dzia do zarz\u0105dzania fakturami oraz u\u0142atwiaj\u0105c organom podatkowym monitorowanie transakcji.<\/p>\n<p>&nbsp;<\/p>\n<h3 style=\"text-align: left;\">Cel i korzy\u015bci KSeF<\/h3>\n<p style=\"text-align: left;\">Krajowy System e-Faktur zosta\u0142 wprowadzony z my\u015bl\u0105 o usprawnieniu proces\u00f3w fakturowania mi\u0119dzy przedsi\u0119biorstwami oraz o u\u0142atwieniu raportowania transakcji organom podatkowym. G\u0142\u00f3wnym celem KSeF jest eliminacja papierowej dokumentacji, redukcja b\u0142\u0119d\u00f3w ksi\u0119gowych oraz przyspieszenie obiegu informacji finansowej. To z kolei przyczynia si\u0119 do podniesienia efektywno\u015bci operacyjnej firm oraz usprawnia kontrole podatkowe.<\/p>\n<p>&nbsp;<\/p>\n<h3 style=\"text-align: left;\">Jak dzia\u0142a KSeF?<\/h3>\n<p style=\"text-align: left;\">Krajowy System e-Faktur dzia\u0142a na zasadzie elektronicznego przesy\u0142ania faktur pomi\u0119dzy przedsi\u0119biorstwami, a nast\u0119pnie ich przechowywania w formie cyfrowej. Proces ten jest zabezpieczony zaawansowanymi technologiami kryptograficznymi, co gwarantuje bezpiecze\u0144stwo i poufno\u015b\u0107 przesy\u0142anych danych. Firmy, korzystaj\u0105c z KSeF, mog\u0105 generowa\u0107, wysy\u0142a\u0107 i odbiera\u0107 faktury w formie elektronicznej, co z kolei przyspiesza ca\u0142y cykl transakcyjny.<\/p>\n<p>&nbsp;<\/p>\n<h3 style=\"text-align: left;\">Korzy\u015bci dla przedsi\u0119biorstw<\/h3>\n<h4 style=\"text-align: left;\">1. <strong>Szybko\u015b\u0107 i Efektywno\u015b\u0107<\/strong><\/h4>\n<p style=\"text-align: left;\">Dzi\u0119ki KSeF przedsi\u0119biorstwa mog\u0105 znacznie skr\u00f3ci\u0107 czas procesu fakturowania. Elektroniczne przetwarzanie danych eliminuje konieczno\u015b\u0107 r\u0119cznego wprowadzania informacji, co przyspiesza zar\u00f3wno wysy\u0142anie, jak i odbieranie faktur.<\/p>\n<h4 style=\"text-align: left;\">2. <strong>Redukcja Koszt\u00f3w<\/strong><\/h4>\n<p style=\"text-align: left;\">Odst\u0105pienie od tradycyjnych, papierowych faktur przyczynia si\u0119 do znacz\u0105cej redukcji koszt\u00f3w zwi\u0105zanych z drukowaniem, wysy\u0142k\u0105, i przechowywaniem dokumentacji papierowej.<\/p>\n<h4 style=\"text-align: left;\">3. <strong>Zgodno\u015b\u0107 z Przepisami<\/strong><\/h4>\n<p style=\"text-align: left;\">KSeF jest dostosowany do obowi\u0105zuj\u0105cych przepis\u00f3w podatkowych, co oznacza, \u017ce korzystaj\u0105c z systemu, przedsi\u0119biorstwa automatycznie spe\u0142niaj\u0105 wymogi formalne dotycz\u0105ce fakturowania.<\/p>\n<p>&nbsp;<\/p>\n<h3 style=\"text-align: left;\">Wyzwania i Perspektywy Rozwoju<\/h3>\n<p style=\"text-align: left;\">Chocia\u017c Krajowy System e-Faktur przynosi liczne korzy\u015bci, implementacja nowych technologii cz\u0119sto niesie ze sob\u0105 wyzwania. Firmy musz\u0105 dostosowa\u0107 swoje systemy ksi\u0119gowe do standard\u00f3w KSeF, a tak\u017ce zadba\u0107 o odpowiednie zabezpieczenia informatyczne.<\/p>\n<p style=\"text-align: left;\">Perspektywy rozwoju KSeF s\u0105 jednak obiecuj\u0105ce. W miar\u0119 post\u0119pu technologicznego mo\u017cna spodziewa\u0107 si\u0119 dalszej optymalizacji systemu, co przyczyni si\u0119 do jeszcze wi\u0119kszej efektywno\u015bci i poprawy warunk\u00f3w pracy przedsi\u0119biorstw.<\/p>\n<h3 style=\"text-align: left;\"><\/h3>\n<p style=\"text-align: left;\">Krajowy System e-Faktur stanowi znacz\u0105cy krok w kierunku cyfrowej transformacji proces\u00f3w fakturowania w Polsce. Jego wprowadzenie to nie tylko efektywno\u015b\u0107 operacyjna dla firm, ale tak\u017ce zwi\u0119kszenie przejrzysto\u015bci i skuteczno\u015bci kontroli podatkowych. W \u015bwiecie, w kt\u00f3rym tempo zmian technologicznych jest coraz szybsze, KSeF to przyk\u0142ad innowacyjnego podej\u015bcia do tradycyjnych proces\u00f3w biznesowych.<\/p>\n<p>[\/vc_column_text][\/vc_column][\/vc_row][vc_row row_type=&#8221;parallax&#8221; type=&#8221;grid&#8221; text_align=&#8221;right&#8221; background_image=&#8221;40888&#8243; full_screen_section_height=&#8221;no&#8221; section_height=&#8221;550&#8243;][vc_column width=&#8221;2\/3&#8243;][vc_separator type=&#8221;transparent&#8221; up=&#8221;115&#8243; down=&#8221;0&#8243;][vc_column_text]<\/p>\n<h3 style=\"text-align: left;\"><span style=\"color: #ffffff;\">Szkolenia i prezentacje<br \/>\n<\/span><\/h3>\n<p>[\/vc_column_text][vc_separator type=&#8221;transparent&#8221; up=&#8221;45&#8243; down=&#8221;0&#8243;][vc_column_text]<\/p>\n<p style=\"text-align: left;\"><span style=\"color: #ffffff;\">Krajowy System e-Faktur (KSeF):\u00a0<\/span><\/p>\n<p>[\/vc_column_text][vc_separator type=&#8221;transparent&#8221; up=&#8221;115&#8243; down=&#8221;0&#8243;][\/vc_column][vc_column width=&#8221;1\/3&#8243;][vc_separator type=&#8221;transparent&#8221; up=&#8221;115&#8243; down=&#8221;0&#8243;][vc_column_text]<\/p>\n<h3 style=\"text-align: left;\"><span style=\"color: #ffffff;\">Zapisz si\u0119<\/span><\/h3>\n<p>[\/vc_column_text][vc_separator type=&#8221;transparent&#8221; up=&#8221;40&#8243; down=&#8221;0&#8243;]\n<div class=\"wpcf7 no-js\" id=\"wpcf7-f141-o1\" lang=\"en-US\" dir=\"ltr\" data-wpcf7-id=\"141\">\n<div class=\"screen-reader-response\"><p role=\"status\" aria-live=\"polite\" aria-atomic=\"true\"><\/p> <ul><\/ul><\/div>\n<form action=\"\/index.php\/wp-json\/wp\/v2\/pages\/40835#wpcf7-f141-o1\" method=\"post\" class=\"wpcf7-form init cf7_custom_style_1\" aria-label=\"Contact form\" novalidate=\"novalidate\" data-status=\"init\">\n<fieldset class=\"hidden-fields-container\"><input type=\"hidden\" name=\"_wpcf7\" value=\"141\" \/><input type=\"hidden\" name=\"_wpcf7_version\" value=\"6.1.1\" \/><input type=\"hidden\" name=\"_wpcf7_locale\" value=\"en_US\" \/><input type=\"hidden\" name=\"_wpcf7_unit_tag\" value=\"wpcf7-f141-o1\" \/><input type=\"hidden\" name=\"_wpcf7_container_post\" value=\"0\" \/><input type=\"hidden\" name=\"_wpcf7_posted_data_hash\" value=\"\" \/>\n<\/fieldset>\n<p><span class=\"wpcf7-form-control-wrap\" data-name=\"first-name\"><input size=\"40\" maxlength=\"400\" class=\"wpcf7-form-control wpcf7-text wpcf7-validates-as-required\" aria-required=\"true\" aria-invalid=\"false\" placeholder=\"Imi\u0119*\" value=\"\" type=\"text\" name=\"first-name\" \/><\/span>\n<\/p>\n<p><span class=\"wpcf7-form-control-wrap\" data-name=\"last-name\"><input size=\"40\" maxlength=\"400\" class=\"wpcf7-form-control wpcf7-text wpcf7-validates-as-required\" aria-required=\"true\" aria-invalid=\"false\" placeholder=\"Nazwisko*\" value=\"\" type=\"text\" name=\"last-name\" \/><\/span>\n<\/p>\n<p><span class=\"wpcf7-form-control-wrap\" data-name=\"email\"><input size=\"40\" maxlength=\"400\" class=\"wpcf7-form-control wpcf7-email wpcf7-validates-as-required wpcf7-text wpcf7-validates-as-email\" aria-required=\"true\" aria-invalid=\"false\" placeholder=\"Adres E-mail*\" value=\"\" type=\"email\" name=\"email\" \/><\/span>\n<\/p>\n<p><span class=\"wpcf7-form-control-wrap bwscaptcha-647\"><input style=\"display:none;\" class=\"wpcf7-form-control wpcf7-bwscaptcha\" aria-required=\"true\" type=\"text\" name=\"bwscaptcha-647\" value=\"\" \/><p class=\"cptch_block\"><span class=\"cptch_wrap cptch_slide\">\n\t\t\t\t<label class=\"cptch_label\" for=\"cptch_input_99\"><div id=\"cptch_slide_captcha_container\"><\/div><input type=\"hidden\" name=\"cptch_time\" value=\"1776343926\" \/>\n\t\t\t\t\t<input type=\"hidden\" name=\"cptch_form\" value=\"cf7_contact\" \/>\n\t\t\t\t<\/label><\/span><\/p><\/span>\n<\/p>\n<p><input class=\"wpcf7-form-control wpcf7-submit has-spinner\" type=\"submit\" value=\"Wy\u015blij\" \/>\n<\/p><div class=\"wpcf7-response-output\" aria-hidden=\"true\"><\/div>\n<\/form>\n<\/div>\n[vc_separator type=&#8221;transparent&#8221; up=&#8221;45&#8243; down=&#8221;0&#8243;][\/vc_column][\/vc_row][vc_row row_type=&#8221;row&#8221; use_row_as_full_screen_section=&#8221;no&#8221; type=&#8221;full_width&#8221; oblique_section=&#8221;no&#8221; text_align=&#8221;left&#8221; css_animation=&#8221;&#8221;][vc_column][vc_column_text]<\/p>\n<p>[\/vc_column_text][\/vc_column][\/vc_row][vc_row row_type=&#8221;row&#8221; use_row_as_full_screen_section=&#8221;no&#8221; type=&#8221;full_width&#8221; oblique_section=&#8221;no&#8221; text_align=&#8221;left&#8221; css_animation=&#8221;&#8221;][vc_column][vc_column_text]<\/p>\n<p>[\/vc_column_text][\/vc_column][\/vc_row][vc_row row_type=&#8221;row&#8221; use_row_as_full_screen_section=&#8221;no&#8221; type=&#8221;full_width&#8221; oblique_section=&#8221;no&#8221; text_align=&#8221;left&#8221; css_animation=&#8221;&#8221;][vc_column][vc_column_text]<\/p>\n<p>[\/vc_column_text][\/vc_column][\/vc_row][vc_row row_type=&#8221;row&#8221; use_row_as_full_screen_section=&#8221;no&#8221; type=&#8221;full_width&#8221; oblique_section=&#8221;no&#8221; text_align=&#8221;left&#8221; css_animation=&#8221;&#8221;][vc_column][vc_column_text]<\/p>\n<p>[\/vc_column_text][\/vc_column][\/vc_row][vc_row row_type=&#8221;row&#8221; use_row_as_full_screen_section=&#8221;no&#8221; type=&#8221;full_width&#8221; oblique_section=&#8221;no&#8221; text_align=&#8221;left&#8221; css_animation=&#8221;&#8221;][vc_column][vc_column_text]<\/p>\n<p>[\/vc_column_text][\/vc_column][\/vc_row]<\/p>\n<\/div>","protected":false},"excerpt":{"rendered":"<p>[vc_row row_type=&#8221;row&#8221; use_row_as_full_screen_section=&#8221;no&#8221; type=&#8221;grid&#8221; oblique_section=&#8221;no&#8221; text_align=&#8221;center&#8221; padding_top=&#8221;75&#8243; padding_bottom=&#8221;80&#8243; css_animation=&#8221;&#8221;][vc_column][vc_column_text] Krajowy System e-Faktur (KSeF) [\/vc_column_text][vc_separator type=&#8221;transparent&#8221; up=&#8221;35&#8243; down=&#8221;0&#8243;][vc_column_text] Krajowy System e-Faktur (KSeF): Innowacyjne Rozwi\u0105zania w Elektronicznym Fakturowaniu w Polsce W erze cyfrowej, gdzie technologia odgrywa kluczow\u0105 rol\u0119 w wielu aspektach \u017cycia biznesowego, Polska wprowadza nowatorskie rozwi\u0105zania<\/p>\n","protected":false},"author":1,"featured_media":0,"parent":0,"menu_order":0,"comment_status":"open","ping_status":"closed","template":"full_width.php","meta":{"footnotes":""},"class_list":["post-40835","page","type-page","status-publish","hentry"],"_links":{"self":[{"href":"https:\/\/asistiq.pl\/index.php\/wp-json\/wp\/v2\/pages\/40835","targetHints":{"allow":["GET"]}}],"collection":[{"href":"https:\/\/asistiq.pl\/index.php\/wp-json\/wp\/v2\/pages"}],"about":[{"href":"https:\/\/asistiq.pl\/index.php\/wp-json\/wp\/v2\/types\/page"}],"author":[{"embeddable":true,"href":"https:\/\/asistiq.pl\/index.php\/wp-json\/wp\/v2\/users\/1"}],"replies":[{"embeddable":true,"href":"https:\/\/asistiq.pl\/index.php\/wp-json\/wp\/v2\/comments?post=40835"}],"version-history":[{"count":9,"href":"https:\/\/asistiq.pl\/index.php\/wp-json\/wp\/v2\/pages\/40835\/revisions"}],"predecessor-version":[{"id":40889,"href":"https:\/\/asistiq.pl\/index.php\/wp-json\/wp\/v2\/pages\/40835\/revisions\/40889"}],"wp:attachment":[{"href":"https:\/\/asistiq.pl\/index.php\/wp-json\/wp\/v2\/media?parent=40835"}],"curies":[{"name":"wp","href":"https:\/\/api.w.org\/{rel}","templated":true}]}}